{"id":1484,"date":"2024-12-09T15:17:59","date_gmt":"2024-12-09T14:17:59","guid":{"rendered":"https:\/\/www.alcap.net\/o-que-fazemos\/"},"modified":"2025-01-28T11:23:26","modified_gmt":"2025-01-28T10:23:26","slug":"o-que-fazemos","status":"publish","type":"page","link":"https:\/\/www.alcap.net\/pt-pt\/o-que-fazemos\/","title":{"rendered":"O que fazemos"},"content":{"rendered":"<p>[et_pb_section fb_built=&#8221;1&#8243; _builder_version=&#8221;4.27.4&#8243; _module_preset=&#8221;default&#8221; use_background_color_gradient=&#8221;on&#8221; background_color_gradient_direction=&#8221;170deg&#8221; background_color_gradient_stops=&#8221;#002e4f 1%|rgba(8,70,102,0.72) 100%&#8221; background_color_gradient_overlays_image=&#8221;on&#8221; background_image=&#8221;https:\/\/www.alcap.net\/wp-content\/uploads\/2024\/12\/Alcap-Fotohome-02-2024-scaled.jpg&#8221; custom_padding=&#8221;||1px|||&#8221; hover_enabled=&#8221;0&#8243; global_colors_info=&#8221;{}&#8221; background_color=&#8221;#084666&#8243; sticky_enabled=&#8221;0&#8243; title_text=&#8221;Alcap Fotohome 02 2024&#8243;][et_pb_row _builder_version=&#8221;4.27.4&#8243; _module_preset=&#8221;default&#8221; global_colors_info=&#8221;{}&#8221;][et_pb_column type=&#8221;4_4&#8243; _builder_version=&#8221;4.27.4&#8243; _module_preset=&#8221;default&#8221; global_colors_info=&#8221;{}&#8221;][et_pb_text _builder_version=&#8221;4.27.4&#8243; _module_preset=&#8221;default&#8221; header_font=&#8221;&#8211;et_global_heading_font|800|||||||&#8221; header_font_size=&#8221;60px&#8221; header_line_height=&#8221;1.3em&#8221; global_colors_info=&#8221;{}&#8221;]<\/p>\n<h1><span style=\"color: #ffffff;\"><strong>O que fazemos<\/strong><\/span><\/h1>\n<p>[\/et_pb_text][\/et_pb_column][\/et_pb_row][et_pb_row column_structure=&#8221;2_5,3_5&#8243; _builder_version=&#8221;4.27.4&#8243; _module_preset=&#8221;default&#8221; global_colors_info=&#8221;{}&#8221;][et_pb_column type=&#8221;2_5&#8243; _builder_version=&#8221;4.27.4&#8243; _module_preset=&#8221;default&#8221; global_colors_info=&#8221;{}&#8221;][et_pb_gallery gallery_ids=&#8221;834,828,822,816&#8243; fullwidth=&#8221;on&#8221; _builder_version=&#8221;4.27.4&#8243; _module_preset=&#8221;default&#8221; auto=&#8221;on&#8221; auto_speed=&#8221;5000&#8243; global_colors_info=&#8221;{}&#8221;][\/et_pb_gallery][\/et_pb_column][et_pb_column type=&#8221;3_5&#8243; _builder_version=&#8221;4.27.4&#8243; _module_preset=&#8221;default&#8221; global_colors_info=&#8221;{}&#8221;][et_pb_text _builder_version=&#8221;4.27.4&#8243; _module_preset=&#8221;default&#8221; text_font=&#8221;&#8211;et_global_body_font||||||||&#8221; text_line_height=&#8221;2em&#8221; global_colors_info=&#8221;{}&#8221;]<\/p>\n<h2><span style=\"color: #ffffff;\"><strong>Fresagem<\/strong><\/span><\/h2>\n<p><span style=\"color: #ffffff;\">As opera\u00e7\u00f5es de fresagem s\u00e3o utilizadas para efectuar labora\u00e7\u00f5es mec\u00e2nicas no local em bases de turbinas, motores el\u00e9ctricos de grandes dimens\u00f5es e gearbox, em planos de prensas ou superf\u00edcies de apoio de maquin\u00e1rias. <\/span><\/p>\n<p><span style=\"color: #ffffff;\">O nosso amplo parque de m\u00e1quinas fresadoras manuais e com controlo CNC de tr\u00eas eixos, de v\u00e1rias dimens\u00f5es, permite executar minuciosamente as opera\u00e7\u00f5es solicitadas praticamente em todos os espa\u00e7os de trabalho dispon\u00edveis.<\/span><\/p>\n<p>[\/et_pb_text][\/et_pb_column][\/et_pb_row][et_pb_row column_structure=&#8221;2_5,3_5&#8243; _builder_version=&#8221;4.27.4&#8243; _module_preset=&#8221;default&#8221; global_colors_info=&#8221;{}&#8221;][et_pb_column type=&#8221;2_5&#8243; _builder_version=&#8221;4.27.4&#8243; _module_preset=&#8221;default&#8221; global_colors_info=&#8221;{}&#8221;][et_pb_gallery gallery_ids=&#8221;852,846,840&#8243; fullwidth=&#8221;on&#8221; _builder_version=&#8221;4.27.4&#8243; _module_preset=&#8221;default&#8221; auto=&#8221;on&#8221; auto_speed=&#8221;5000&#8243; global_colors_info=&#8221;{}&#8221;][\/et_pb_gallery][\/et_pb_column][et_pb_column type=&#8221;3_5&#8243; _builder_version=&#8221;4.27.4&#8243; _module_preset=&#8221;default&#8221; global_colors_info=&#8221;{}&#8221;][et_pb_text _builder_version=&#8221;4.27.4&#8243; _module_preset=&#8221;default&#8221; text_font=&#8221;&#8211;et_global_body_font||||||||&#8221; text_line_height=&#8221;2em&#8221; global_colors_info=&#8221;{}&#8221;]<\/p>\n<h2><span style=\"color: #ffffff;\"><strong>Brocagem em linha<\/strong><\/span><\/h2>\n<p><span style=\"color: #ffffff;\">A brocagem em linha \u00e9 utilizada para a realiza\u00e7\u00e3o de sedes de casquilhos, rolamentos mec\u00e2nicos e buchas. A utiliza\u00e7\u00e3o abrange m\u00e1quinas para movimenta\u00e7\u00e3o de terra, estruturas civis e industriais, cilindros de motores, liga\u00e7\u00f5es articuladas para m\u00e1quinas industriais e outra aplica\u00e7\u00f5es.<\/span><\/p>\n<p><span style=\"color: #ffffff;\">Estas m\u00e1quinas, com os acess\u00f3rios adequados, podem ser utilizadas para efectuar recobrimentos de soldagem com accionamento autom\u00e1tico dos movimentos circular e axial da tocha, obtendo um dep\u00f3sito uniforme e regular do material de solda. Tamb\u00e9m \u00e9 poss\u00edvel soldar no interior de pequenos di\u00e2metros a que de outra maneira n\u00e3o se poderia ter acesso.<\/span><\/p>\n<p>[\/et_pb_text][\/et_pb_column][\/et_pb_row][et_pb_row column_structure=&#8221;2_5,3_5&#8243; _builder_version=&#8221;4.27.4&#8243; _module_preset=&#8221;default&#8221; global_colors_info=&#8221;{}&#8221;][et_pb_column type=&#8221;2_5&#8243; _builder_version=&#8221;4.27.4&#8243; _module_preset=&#8221;default&#8221; global_colors_info=&#8221;{}&#8221;][et_pb_gallery gallery_ids=&#8221;871,865,859&#8243; fullwidth=&#8221;on&#8221; _builder_version=&#8221;4.27.4&#8243; _module_preset=&#8221;default&#8221; auto=&#8221;on&#8221; auto_speed=&#8221;5000&#8243; global_colors_info=&#8221;{}&#8221;][\/et_pb_gallery][\/et_pb_column][et_pb_column type=&#8221;3_5&#8243; _builder_version=&#8221;4.27.4&#8243; _module_preset=&#8221;default&#8221; global_colors_info=&#8221;{}&#8221;][et_pb_text _builder_version=&#8221;4.27.4&#8243; _module_preset=&#8221;default&#8221; text_font=&#8221;&#8211;et_global_body_font||||||||&#8221; text_line_height=&#8221;2em&#8221; global_colors_info=&#8221;{}&#8221;]<\/p>\n<h2><span style=\"color: #ffffff;\"><strong>Perfura\u00e7\u00f5es e aberturas de roscas em pe\u00e7as f\u00eamea<\/strong><\/span><\/h2>\n<p><span style=\"color: #ffffff;\">Com a aplica\u00e7\u00e3o de m\u00e1quinas perfuradoras e para a abertura de roscas em pe\u00e7as f\u00eamea de accionamento hidr\u00e1ulico ou el\u00e9ctrico com pot\u00eancias elevadas, realizam-se furos em a\u00e7o ou a\u00e7o ligado at\u00e9 de di\u00e2metros elevados com brocas de ponta. Os furos podem ser efectuados sem nenhum pr\u00e9-furo e com abertura de rosca directa. Por meio de berbequins de base magn\u00e9tica, suportes auxiliares e ferramentas espec\u00edficas, \u00e9 poss\u00edvel realizar furos calibrados de di\u00e2metro at\u00e9 50 mm e roscas at\u00e9 M46. A perfura\u00e7\u00e3o em grandes di\u00e2metros \u00e9 realizada em combina\u00e7\u00e3o com uma broqueadora. <\/span><\/p>\n<p><span style=\"color: #ffffff;\">Tamb\u00e9m podemos realizar furos e furos roscados com m\u00e1quinas fresadoras manuais com controlo CNC de tr\u00eas eixos. <\/span><\/p>\n<p>[\/et_pb_text][\/et_pb_column][\/et_pb_row][et_pb_row column_structure=&#8221;2_5,3_5&#8243; _builder_version=&#8221;4.27.4&#8243; _module_preset=&#8221;default&#8221; global_colors_info=&#8221;{}&#8221;][et_pb_column type=&#8221;2_5&#8243; _builder_version=&#8221;4.27.4&#8243; _module_preset=&#8221;default&#8221; global_colors_info=&#8221;{}&#8221;][et_pb_gallery gallery_ids=&#8221;889,883,877&#8243; fullwidth=&#8221;on&#8221; _builder_version=&#8221;4.27.4&#8243; _module_preset=&#8221;default&#8221; auto=&#8221;on&#8221; auto_speed=&#8221;5000&#8243; global_colors_info=&#8221;{}&#8221;][\/et_pb_gallery][\/et_pb_column][et_pb_column type=&#8221;3_5&#8243; _builder_version=&#8221;4.27.4&#8243; _module_preset=&#8221;default&#8221; global_colors_info=&#8221;{}&#8221;][et_pb_text _builder_version=&#8221;4.27.4&#8243; _module_preset=&#8221;default&#8221; text_font=&#8221;&#8211;et_global_body_font||||||||&#8221; text_line_height=&#8221;2em&#8221; custom_padding=&#8221;0px|||||&#8221; global_colors_info=&#8221;{}&#8221;]<\/p>\n<h2><span style=\"color: #ffffff;\"><strong>Aplainamento de flanges e fresagem circular<\/strong><\/span><\/h2>\n<p><span style=\"color: #ffffff;\">Aplainamento de flanges e fresagem circular. A fresagem circular \u00e9 utilizada em opera\u00e7\u00f5es de aplainamento, para ranhuras e acabamento de superf\u00edcies.<\/span><\/p>\n<p>[\/et_pb_text][\/et_pb_column][\/et_pb_row][et_pb_row column_structure=&#8221;2_5,3_5&#8243; _builder_version=&#8221;4.27.4&#8243; _module_preset=&#8221;default&#8221; global_colors_info=&#8221;{}&#8221;][et_pb_column type=&#8221;2_5&#8243; _builder_version=&#8221;4.27.4&#8243; _module_preset=&#8221;default&#8221; global_colors_info=&#8221;{}&#8221;][et_pb_gallery gallery_ids=&#8221;901,895&#8243; fullwidth=&#8221;on&#8221; _builder_version=&#8221;4.27.4&#8243; _module_preset=&#8221;default&#8221; auto=&#8221;on&#8221; auto_speed=&#8221;5000&#8243; global_colors_info=&#8221;{}&#8221;][\/et_pb_gallery][\/et_pb_column][et_pb_column type=&#8221;3_5&#8243; _builder_version=&#8221;4.27.4&#8243; _module_preset=&#8221;default&#8221; global_colors_info=&#8221;{}&#8221;][et_pb_text _builder_version=&#8221;4.27.4&#8243; _module_preset=&#8221;default&#8221; text_font=&#8221;&#8211;et_global_body_font||||||||&#8221; text_line_height=&#8221;2em&#8221; custom_padding=&#8221;0px|||||&#8221; global_colors_info=&#8221;{}&#8221;]<\/p>\n<h2><span style=\"color: #ffffff;\">Tornos<\/span><\/h2>\n<p><span style=\"color: #ffffff;\">Os tornos s\u00e3o utilizados para o torneamento do di\u00e2metro exterior de pernos ou veios.<br \/>\n<\/span><\/p>\n<ul>\n<li><span style=\"color: #ffffff;\">Grandes motores e alternadores<\/span><\/li>\n<li><span style=\"color: #ffffff;\">Veios de rebarbadoras ou m\u00e1quinas fresadoras<\/span><\/li>\n<\/ul>\n<p>[\/et_pb_text][\/et_pb_column][\/et_pb_row][et_pb_row column_structure=&#8221;2_5,3_5&#8243; _builder_version=&#8221;4.27.4&#8243; _module_preset=&#8221;default&#8221; global_colors_info=&#8221;{}&#8221;][et_pb_column type=&#8221;2_5&#8243; _builder_version=&#8221;4.27.4&#8243; _module_preset=&#8221;default&#8221; global_colors_info=&#8221;{}&#8221;][et_pb_gallery gallery_ids=&#8221;919,913,907&#8243; fullwidth=&#8221;on&#8221; _builder_version=&#8221;4.27.4&#8243; _module_preset=&#8221;default&#8221; auto=&#8221;on&#8221; auto_speed=&#8221;5000&#8243; global_colors_info=&#8221;{}&#8221;][\/et_pb_gallery][\/et_pb_column][et_pb_column type=&#8221;3_5&#8243; _builder_version=&#8221;4.27.4&#8243; _module_preset=&#8221;default&#8221; global_colors_info=&#8221;{}&#8221;][et_pb_text _builder_version=&#8221;4.27.4&#8243; _module_preset=&#8221;default&#8221; text_font=&#8221;&#8211;et_global_body_font||||||||&#8221; text_line_height=&#8221;2em&#8221; global_colors_info=&#8221;{}&#8221;]<\/p>\n<h2><span style=\"color: #ffffff;\"><strong>Corte de metais<\/strong><\/span><\/h2>\n<p><span style=\"color: #ffffff;\">Este procedimento \u00e9 utilizado para cortar grandes estruturas de metal, casquilhos ou reservat\u00f3rios utilizando discos de serra ou fios diamantados.<\/span><\/p>\n<p><span style=\"color: #ffffff;\">Tamb\u00e9m efectuamos corte subaqu\u00e1tico e segmenta\u00e7\u00e3o de \u201chot components\u201d (instala\u00e7\u00f5es nucleares).<\/span><\/p>\n<p>[\/et_pb_text][\/et_pb_column][\/et_pb_row][et_pb_row column_structure=&#8221;2_5,3_5&#8243; _builder_version=&#8221;4.27.4&#8243; _module_preset=&#8221;default&#8221; global_colors_info=&#8221;{}&#8221;][et_pb_column type=&#8221;2_5&#8243; _builder_version=&#8221;4.27.4&#8243; _module_preset=&#8221;default&#8221; global_colors_info=&#8221;{}&#8221;][et_pb_gallery gallery_ids=&#8221;943,937,931,925&#8243; fullwidth=&#8221;on&#8221; _builder_version=&#8221;4.27.4&#8243; _module_preset=&#8221;default&#8221; auto=&#8221;on&#8221; auto_speed=&#8221;5000&#8243; global_colors_info=&#8221;{}&#8221;][\/et_pb_gallery][\/et_pb_column][et_pb_column type=&#8221;3_5&#8243; _builder_version=&#8221;4.27.4&#8243; _module_preset=&#8221;default&#8221; global_colors_info=&#8221;{}&#8221;][et_pb_text _builder_version=&#8221;4.27.4&#8243; _module_preset=&#8221;default&#8221; text_font=&#8221;&#8211;et_global_body_font||||||||&#8221; text_line_height=&#8221;2em&#8221; global_colors_info=&#8221;{}&#8221;]<\/p>\n<h2><span style=\"color: #ffffff;\"><strong>Soldagem<\/strong><\/span><\/h2>\n<p><span style=\"color: #ffffff;\">Efectuamos v\u00e1rios procedimentos de soldagem, como por ex. TIG, MIG\/MAG, Plasma, ou com electrodo revestido para muitas aplica\u00e7\u00f5es. <\/span><br \/><span style=\"color: #ffffff;\">Exemplos de utiliza\u00e7\u00e3o:<\/span><br \/><span style=\"color: #ffffff;\">Recobrimentos internos e externos<\/span><br \/><span style=\"color: #ffffff;\">Carpintaria<\/span><br \/><span style=\"color: #ffffff;\">Recobrimentos<\/span><br \/><span style=\"color: #ffffff;\">Repara\u00e7\u00f5es<\/span><br \/><span style=\"color: #ffffff;\">Tamb\u00e9m se efectuam revestimentos de planos m\u00e1quina<\/span><\/p>\n<p>[\/et_pb_text][\/et_pb_column][\/et_pb_row][et_pb_row column_structure=&#8221;2_5,3_5&#8243; _builder_version=&#8221;4.27.4&#8243; _module_preset=&#8221;default&#8221; global_colors_info=&#8221;{}&#8221;][et_pb_column type=&#8221;2_5&#8243; _builder_version=&#8221;4.27.4&#8243; _module_preset=&#8221;default&#8221; global_colors_info=&#8221;{}&#8221;][et_pb_gallery gallery_ids=&#8221;955,949&#8243; fullwidth=&#8221;on&#8221; _builder_version=&#8221;4.27.4&#8243; _module_preset=&#8221;default&#8221; auto=&#8221;on&#8221; auto_speed=&#8221;5000&#8243; global_colors_info=&#8221;{}&#8221;][\/et_pb_gallery][\/et_pb_column][et_pb_column type=&#8221;3_5&#8243; _builder_version=&#8221;4.27.4&#8243; _module_preset=&#8221;default&#8221; global_colors_info=&#8221;{}&#8221;][et_pb_text _builder_version=&#8221;4.27.4&#8243; _module_preset=&#8221;default&#8221; text_font=&#8221;&#8211;et_global_body_font||||||||&#8221; text_line_height=&#8221;2em&#8221; global_colors_info=&#8221;{}&#8221;]<\/p>\n<h2><span style=\"color: #ffffff;\"><strong>Entrosamento<\/strong><\/span><\/h2>\n<p><span style=\"color: #ffffff;\">Entrosamento de elementos met\u00e1licos com azoto l\u00edquido<\/span><\/p>\n<p><span style=\"color: #ffffff;\">O entrosamento \u00e9 a opera\u00e7\u00e3o utilizada mais frequentemente pelos fabricantes mec\u00e2nicos para acoplar entre eles dois elementos. Consiste em inserir completa ou parcialmente um elemento \u201cmacho\u201d, principalmente de forma cil\u00edndrica, em outro \u201cf\u00eamea\u201d que tem uma forma id\u00eantica mas dimens\u00f5es levemente inferiores. Essa diferen\u00e7a dimensional, chamada aperto ou interfer\u00eancia, \u00e9 calculada pelo fabricante em fun\u00e7\u00e3o do esfor\u00e7o e da resist\u00eancia mec\u00e2nica desejada.<\/span><br \/><span style=\"color: #ffffff;\">Dispomos de todos os conhecimentos e os equipamentos necess\u00e1rios para a realiza\u00e7\u00e3o dessas labora\u00e7\u00f5es. <\/span><\/p>\n<p>[\/et_pb_text][\/et_pb_column][\/et_pb_row][et_pb_row column_structure=&#8221;2_5,3_5&#8243; _builder_version=&#8221;4.27.4&#8243; _module_preset=&#8221;default&#8221; global_colors_info=&#8221;{}&#8221;][et_pb_column type=&#8221;2_5&#8243; _builder_version=&#8221;4.27.4&#8243; _module_preset=&#8221;default&#8221; global_colors_info=&#8221;{}&#8221;][et_pb_gallery gallery_ids=&#8221;974,968,962&#8243; fullwidth=&#8221;on&#8221; _builder_version=&#8221;4.27.4&#8243; _module_preset=&#8221;default&#8221; auto=&#8221;on&#8221; auto_speed=&#8221;5000&#8243; global_colors_info=&#8221;{}&#8221;][\/et_pb_gallery][\/et_pb_column][et_pb_column type=&#8221;3_5&#8243; _builder_version=&#8221;4.27.4&#8243; _module_preset=&#8221;default&#8221; global_colors_info=&#8221;{}&#8221;][et_pb_text _builder_version=&#8221;4.27.4&#8243; _module_preset=&#8221;default&#8221; text_font=&#8221;&#8211;et_global_body_font||||||||&#8221; text_line_height=&#8221;2em&#8221; global_colors_info=&#8221;{}&#8221;]<\/p>\n<h2><span style=\"color: #ffffff;\"><strong>Medi\u00e7\u00f5es<\/strong><\/span><\/h2>\n<p><span style=\"color: #ffffff;\">Efectuamos uma ampla gama de medi\u00e7\u00f5es mec\u00e2nicas no local. <\/span><\/p>\n<p><span style=\"color: #ffffff;\">\u00a0<\/span><\/p>\n<ul>\n<li><span style=\"color: #ffffff;\">Alinhamento com sistema laser<\/span><\/li>\n<li><span style=\"color: #ffffff;\">Paralelismo e ensaio de retrac\u00e7\u00e3o das colunas m\u00e1quina (montantes) utilizando um extens\u00f3metro<\/span><\/li>\n<li><span style=\"color: #ffffff;\">Ensaios n\u00e3o destrutivos em materiais utilizando ultrassons<\/span><\/li>\n<li><span style=\"color: #ffffff;\">Medi\u00e7\u00e3o das dimens\u00f5es com bra\u00e7o de medi\u00e7\u00e3o articulado FARO (3D CAD)<\/span><\/li>\n<li><span style=\"color: #ffffff;\">Termografias com termo-c\u00e2mara<\/span><\/li>\n<li><span style=\"color: #ffffff;\">Ensaio de dureza utilizando instrumentos Mitutoyo<\/span><\/li>\n<\/ul>\n<p>[\/et_pb_text][\/et_pb_column][\/et_pb_row][et_pb_row column_structure=&#8221;2_5,3_5&#8243; _builder_version=&#8221;4.27.4&#8243; _module_preset=&#8221;default&#8221; global_colors_info=&#8221;{}&#8221;][et_pb_column type=&#8221;2_5&#8243; _builder_version=&#8221;4.27.4&#8243; _module_preset=&#8221;default&#8221; global_colors_info=&#8221;{}&#8221;][et_pb_gallery gallery_ids=&#8221;797,803,809&#8243; fullwidth=&#8221;on&#8221; _builder_version=&#8221;4.27.4&#8243; _module_preset=&#8221;default&#8221; auto=&#8221;on&#8221; auto_speed=&#8221;5000&#8243; global_colors_info=&#8221;{}&#8221;][\/et_pb_gallery][\/et_pb_column][et_pb_column type=&#8221;3_5&#8243; _builder_version=&#8221;4.27.4&#8243; _module_preset=&#8221;default&#8221; global_colors_info=&#8221;{}&#8221;][et_pb_text _builder_version=&#8221;4.27.4&#8243; _module_preset=&#8221;default&#8221; text_font=&#8221;&#8211;et_global_body_font||||||||&#8221; text_line_height=&#8221;2em&#8221; global_colors_info=&#8221;{}&#8221;]<\/p>\n<h2><span style=\"color: #ffffff;\"><strong>Equipamento para m\u00e1quinas no local<\/strong><\/span><\/h2>\n<p><span style=\"color: #ffffff;\">As interven\u00e7\u00f5es no local frequentemente necessitam de ferramentas espec\u00edficas ou at\u00e9 m\u00e1quinas especiais.<\/span><br \/><span style=\"color: #ffffff;\">Temos uma ampla variedade de m\u00e1quinas realizadas e homologadas pela nossa empresa.<\/span><br \/><span style=\"color: #ffffff;\">Para al\u00e9m disso, projectamos e fabricamos maquin\u00e1rias para procedimentos espec\u00edficos a pedido dos nossos clientes.<\/span><\/p>\n<p>[\/et_pb_text][\/et_pb_column][\/et_pb_row][\/et_pb_section]<\/p>\n","protected":false},"excerpt":{"rendered":"<p>O que fazemosFresagem As opera\u00e7\u00f5es de fresagem s\u00e3o utilizadas para efectuar labora\u00e7\u00f5es mec\u00e2nicas no local em bases de turbinas, motores el\u00e9ctricos de grandes dimens\u00f5es e gearbox, em planos de prensas ou superf\u00edcies de apoio de maquin\u00e1rias. O nosso amplo parque de m\u00e1quinas fresadoras manuais e com controlo CNC de tr\u00eas eixos, de v\u00e1rias dimens\u00f5es, permite [&hellip;]<\/p>\n","protected":false},"author":2,"featured_media":0,"parent":0,"menu_order":0,"comment_status":"closed","ping_status":"closed","template":"","meta":{"_et_pb_use_builder":"on","_et_pb_old_content":"","_et_gb_content_width":"","footnotes":""},"class_list":["post-1484","page","type-page","status-publish","hentry"],"_links":{"self":[{"href":"https:\/\/www.alcap.net\/pt-pt\/wp-json\/wp\/v2\/pages\/1484","targetHints":{"allow":["GET"]}}],"collection":[{"href":"https:\/\/www.alcap.net\/pt-pt\/wp-json\/wp\/v2\/pages"}],"about":[{"href":"https:\/\/www.alcap.net\/pt-pt\/wp-json\/wp\/v2\/types\/page"}],"author":[{"embeddable":true,"href":"https:\/\/www.alcap.net\/pt-pt\/wp-json\/wp\/v2\/users\/2"}],"replies":[{"embeddable":true,"href":"https:\/\/www.alcap.net\/pt-pt\/wp-json\/wp\/v2\/comments?post=1484"}],"version-history":[{"count":2,"href":"https:\/\/www.alcap.net\/pt-pt\/wp-json\/wp\/v2\/pages\/1484\/revisions"}],"predecessor-version":[{"id":1486,"href":"https:\/\/www.alcap.net\/pt-pt\/wp-json\/wp\/v2\/pages\/1484\/revisions\/1486"}],"wp:attachment":[{"href":"https:\/\/www.alcap.net\/pt-pt\/wp-json\/wp\/v2\/media?parent=1484"}],"curies":[{"name":"wp","href":"https:\/\/api.w.org\/{rel}","templated":true}]}}