{"id":1366,"date":"2024-12-09T17:56:48","date_gmt":"2024-12-09T16:56:48","guid":{"rendered":"https:\/\/www.alcap.net\/privacy-policy\/"},"modified":"2025-01-25T12:16:40","modified_gmt":"2025-01-25T11:16:40","slug":"privacy-policy","status":"publish","type":"page","link":"https:\/\/www.alcap.net\/fr\/privacy-policy\/","title":{"rendered":"PRIVACY POLICY"},"content":{"rendered":"<p>[et_pb_section fb_built=\u00a0\u00bb1&Prime; _builder_version=\u00a0\u00bb4.27.4&Prime; _module_preset=\u00a0\u00bbdefault\u00a0\u00bb global_colors_info=\u00a0\u00bb{}\u00a0\u00bb][et_pb_row _builder_version=\u00a0\u00bb4.27.4&Prime; _module_preset=\u00a0\u00bbdefault\u00a0\u00bb global_colors_info=\u00a0\u00bb{}\u00a0\u00bb][et_pb_column type=\u00a0\u00bb4_4&Prime; _builder_version=\u00a0\u00bb4.27.4&Prime; _module_preset=\u00a0\u00bbdefault\u00a0\u00bb global_colors_info=\u00a0\u00bb{}\u00a0\u00bb][et_pb_text _builder_version=\u00a0\u00bb4.27.4&Prime; _module_preset=\u00a0\u00bbdefault\u00a0\u00bb header_font_size=\u00a0\u00bb60px\u00a0\u00bb header_line_height=\u00a0\u00bb1.3em\u00a0\u00bb hover_enabled=\u00a0\u00bb0&Prime; sticky_enabled=\u00a0\u00bb0&Prime;]<\/p>\n<h1><strong>Privacy Policy\u00a0<\/strong><\/h1>\n<p>[\/et_pb_text][et_pb_text _builder_version=\u00a0\u00bb4.27.4&Prime; _module_preset=\u00a0\u00bbdefault\u00a0\u00bb global_colors_info=\u00a0\u00bb{}\u00a0\u00bb]<\/p>\n<p>Nel seguito sono riportati i termini d\u2019accordo legale tra l&rsquo;utente di questo sito web e Alcap S.r.l.; accedendo e\/o utilizzando questo sito, l&rsquo;utente implicitamente dichiara di averne letto, compreso ed accettato le condizioni di utilizzo. Se non si accettano le condizioni di utilizzo di seguito riportate, non si usi questo sito.<br \/>Questo sito Web contiene informazioni sulla propriet\u00e0 e il copyright, le cui condizioni vanno osservate e seguite. Le informazioni riportate in questo sito possono contenere inesattezze tecniche o errori tipografici. Le informazioni sono soggette a cambiamenti o aggiornamenti senza preavviso. Alcap S.r.l. si riserva inoltre il diritto di apportare cambiamenti e\/o miglioramenti, senza preavviso ed in qualsiasi momento, ai servizi e\/o eventi descritti in questo sito. Alcap S.r.l. non si assume alcuna responsabilit\u00e0 riguardo all&rsquo;accuratezza delle informazioni fornite, il cui utilizzo \u00e8 a vostro esclusivo rischio. L&rsquo;idoneit\u00e0 di tali informazioni per la risoluzione di tutti i problemi notificati non viene garantita in alcun modo. Fornendo tali informazioni, inoltre, Alcap S.r.l. non concede alcuna licenza su copyright, brevetti o qualsiasi altro diritto di propriet\u00e0 intellettuale. Alcap S.r.l. non accetta l&rsquo;invio di informazioni di carattere confidenziale o riservato attraverso questo sito.\u00a0<br \/>Qualsiasi informazione o materiale inviato a Alcap S.r.l. non verr\u00e0 considerato di natura confidenziale. Alcap S.r.l. non \u00e8 in alcun modo responsabile dei siti Web a cui si accede tramite il presente sito. Alcap S.r.l. non potr\u00e0 in nessun caso essere ritenuta responsabile per qualsiasi danno diretto, indiretto, speciale o consequenziale legato all&rsquo;uso del presente sito web o di altri siti web a cui si accede mediante un collegamento ipertestuale, ivi compresi, senza alcuna limitazione, danni quali la perdita di profitti o fatturato, l&rsquo;interruzione di attivit\u00e0 aziendale o professionale, la perdita di programmi o altro tipo di dati ubicati sul vostro sistema informatico o di altro tipo. Alcap S.r.l. si riserva il diritto di apportare, senza preavviso ed in qualsiasi momento, modifiche e\/o aggiornamenti alle condizioni di utilizzo. L&rsquo;utente, continuando ad utilizzare questo sito, accetta anche i suddetti aggiornamenti e\/o modifiche; questa pagina, perci\u00f2, dovrebbe essere periodicamente visitata per verificare le condizioni di utilizzo al momento in vigore.<\/p>\n<p><strong>PERCHE\u2019 QUESTO AVVISO<br \/><\/strong>In questa pagina si descrivono le modalit\u00e0 di gestione del sito in riferimento al trattamento dei dati personali degli utenti che lo consultano.<br \/>Si tratta di un\u2019informativa che \u00e8 resa anche ai sensi dell&rsquo;art. 13 del d.lgs. n. 196\/2003 &#8211; Codice in materia di protezione dei dati personali a coloro che interagiscono con i servizi web di Alcap S.r.l. per la protezione dei dati personali, accessibili per via telematica a partire dall\u2019indirizzo:<br \/><a href=\"https:\/\/www.alcap.net\/\" target=\"_blank\" rel=\"noopener\">https:\/\/www.alcap.net\/<\/a><br \/>corrispondente alla pagina iniziale del sito ufficiale di Alcap S.r.l..<br \/>L\u2019informativa \u00e8 resa solo per il sito Alcap S.r.l. e non anche per altri siti web eventualmente consultati dall\u2019utente tramite link.<br \/>L\u2019informativa si ispira anche alla Raccomandazione n. 2\/2001 che le autorit\u00e0 europee per la protezione dei dati personali, riunite nel Gruppo istituito dall\u2019art. 29 della direttiva n. 95\/46\/CE , hanno adottato il 17 maggio 2001 per individuare alcuni requisiti minimi per la raccolta di dati personali on-line, e, in particolare, le modalit\u00e0, i tempi e la natura delle informazioni che i titolari del trattamento devono fornire agli utenti quando questi si collegano a pagine web, indipendentemente dagli scopi del collegamento.<\/p>\n<p><strong>IL \u201cTITOLARE\u201d DEL TRATTAMENTO<br \/><\/strong>A seguito della consultazione di questo sito possono essere trattati dati relativi a persone identificate o identificabili.<br \/>Il \u201ctitolare\u201d del loro trattamento \u00e8 Alcap S.r.l. che ha sede in Via Gavardina, 4\/B 25081 &#8211; Bedizzole (BS)\u00a0 .<\/p>\n<p><strong>LUOGO DI TRATTAMENTO DEI DATI<br \/><\/strong>I trattamenti connessi ai servizi web di questo sito hanno luogo presso la predetta sede di Alcap S.r.l. e sono curati solo da personale tecnico dell\u2019Ufficio incaricato del trattamento, oppure da eventuali incaricati di occasionali operazioni di manutenzione.<br \/>Nessun dato derivante dal servizio web viene comunicato o diffuso.<\/p>\n<p><strong>TIPI DI DATI TRATTATI<br \/>Dati di navigazione<\/strong><br \/>I sistemi informatici e le procedure software preposte al funzionamento di questo sito web acquisiscono, nel corso del loro normale esercizio, alcuni dati personali la cui trasmissione \u00e8 implicita nell\u2019uso dei protocolli di comunicazione di Internet.<br \/>Si tratta di informazioni che non sono raccolte per essere associate a interessati identificati, ma che per loro stessa natura potrebbero, attraverso elaborazioni ed associazioni con dati detenuti da terzi, permettere di identificare gli utenti.<br \/>In questa categoria di dati rientrano gli indirizzi IP o i nomi a dominio dei computer utilizzati dagli utenti che si connettono al sito, gli indirizzi in notazione URI (Uniform Resource Identifier) delle risorse richieste, l\u2019orario della richiesta, il metodo utilizzato nel sottoporre la richiesta al server, la dimensione del file ottenuto in risposta, il codice numerico indicante lo stato della risposta data dal server (buon fine, errore, ecc.) ed altri parametri relativi al sistema operativo e all\u2019ambiente informatico dell\u2019utente.<br \/>Questi dati vengono utilizzati al solo fine di ricavare informazioni statistiche anonime sull\u2019uso del sito e per controllarne il corretto funzionamento e vengono cancellati immediatamente dopo l\u2019elaborazione. I dati potrebbero essere utilizzati per l\u2019accertamento di responsabilit\u00e0 in caso di ipotetici reati informatici ai danni del sito: salva questa eventualit\u00e0, allo stato i dati sui contatti web non persistono per pi\u00f9 di 30 giorni.<\/p>\n<p><strong>Dati forniti volontariamente dall\u2019utente<\/strong><br \/>L\u2019invio facoltativo, esplicito e volontario di posta elettronica agli indirizzi indicati su questo sito comporta la successiva acquisizione dell\u2019indirizzo del mittente, necessario per rispondere alle richieste, nonch\u00e9 degli eventuali altri dati personali inseriti nella missiva.<br \/>Specifiche informative di sintesi verranno progressivamente riportate o visualizzate nelle pagine del sito predisposte per particolari servizi a richiesta.<br \/><strong><\/p>\n<p>COOKIES<\/strong><br \/>Nessun dato personale degli utenti viene in proposito acquisito dal sito.<br \/>Non viene fatto uso di cookies per la trasmissione di informazioni di carattere personale, n\u00e9 vengono utilizzati c.d. cookies persistenti di alcun tipo, ovvero sistemi per il tracciamento degli utenti.<br \/>L\u2019uso di c.d. cookies di sessione \u00e8 strettamente limitato alla trasmissione di identificativi di sessione (costituiti da numeri casuali generati dal server) necessari per consentire l\u2019esplorazione sicura ed efficiente del sito.<br \/>I c.d. cookies di sessione utilizzati in questo sito evitano il ricorso ad altre tecniche informatiche potenzialmente pregiudizievoli per la riservatezza della navigazione degli utenti e non consentono l\u2019acquisizione di dati personali<br \/>identificativi dell\u2019utente.\u00a0<\/p>\n<p><strong>FACOLTATIVITA\u2019 DEL CONFERIMENTO DEI DATI<\/strong><br \/>A parte quanto specificato per i dati di navigazione, l\u2019utente \u00e8 libero di fornire i dati personali riportati nei moduli di richiesta a Alcap S.r.l. o comunque indicati in contatti con l&rsquo;Ufficio per sollecitare l\u2019invio di materiale informativo o di altre comunicazioni.<br \/>Il loro mancato conferimento pu\u00f2 comportare l\u2019impossibilit\u00e0 di ottenere quanto richiesto.<br \/>Per completezza va ricordato che in alcuni casi (non oggetto dell\u2019ordinaria gestione di questo sito) l\u2019Autorit\u00e0 pu\u00f2 richiedere notizie e informazioni ai sensi dell&rsquo;art 157 del d.lgs. n. 196\/2003, ai fini del controllo sul trattamento dei dati personali. In questi casi la risposta \u00e8 obbligatoria a pena di sanzione amministrativa.<\/p>\n<p><strong>MODALITA\u2019 DEL TRATTAMENTO<br \/><\/strong>I dati personali sono trattati con strumenti automatizzati per il tempo strettamente necessario a conseguire gli scopi per cui sono stati raccolti.<br \/>Specifiche misure di sicurezza sono osservate per prevenire la perdita dei dati, usi illeciti o non corretti ed accessi non autorizzati.<\/p>\n<p><strong>DIRITTI DEGLI INTERESSATI<br \/><\/strong>I soggetti cui si riferiscono i dati personali hanno il diritto in qualunque momento di ottenere la conferma dell\u2019esistenza o meno dei medesimi dati e di conoscerne il contenuto e l\u2019origine, verificarne l\u2019esattezza o chiederne l\u2019integrazione o l\u2019aggiornamento, oppure la rettificazione (art. 7 del d.lgs. n. 196\/2003).<br \/>Ai sensi del medesimo articolo si ha il diritto di chiedere la cancellazione, la trasformazione in forma anonima o il blocco dei dati trattati in violazione di legge, nonch\u00e9 di opporsi in ogni caso, per motivi legittimi, al loro trattamento.<br \/>Il Titolare del trattamento dei Vostri dati personali \u00e8 Alcap S.r.l. con sede legale in Via Gavardina, 4\/B 25081 &#8211; Bedizzole (BS)\u00a0 .<\/p>\n<p>&nbsp;<\/p>\n<h3>Cookies Policy<\/h3>\n<p>Informazioni sui cookies<\/p>\n<p><strong>Che cosa \u00e8 un cookie?<\/strong>\u00a0<br \/>Un cookie \u00e8 un piccolo file di testo che viene memorizzato dal computer nel momento in cui un sito web viene visitato da un utente. Il testo memorizza informazioni che il sito \u00e8 in grado di leggere nel momento in cui viene consultato in un secondo momento. Alcuni di questi cookies sono necessari al corretto funzionamento del sito, altri sono invece utili al visitatore perch\u00e9 in grado di memorizzare in modo sicuro ad esempio il nome utente o le impostazioni di lingua. Il vantaggio di avere dei cookies installati nel proprio pc \u00e8 quello di non aver pi\u00f9 bisogno di compilare le stesse informazioni ogni qualvolta si voglia accedere ad un sito visitato in precedenza.<br \/><strong><br \/>Perch\u00e9\u00a0<\/strong><strong>Alcap S.r.l.<\/strong>\u00a0<strong>utilizza i cookies?<br \/><\/strong><strong>Alcap S.r.l.<\/strong>\u00a0\u00a0utilizza i cookies al fine di fornire ai propri clienti un\u2019esperienza di navigazione il pi\u00f9 possibile fluida e semplificata. Tramite i cookies fa in modo che ad ogni visita sul sito non si debbano ricevere o inserire le stesse informazioni. I cookies vengono utilizzati anche al fine di ottimizzare le prestazioni del sito web. Al fine di proteggere i propri dati personali da possibili perdite e da qualsiasi forma di trattamento illecito\u00a0<strong>Alcap S.r.l.<\/strong>\u00a0\u00a0ha preso opportune misure tecniche ed organizzative.<br \/><strong><br \/>Come posso disattivare i cookies ?<br \/><\/strong>\u00c8 possibile modificare il browser per disattivare i cookies tramite una procedura molto semplice. Attenzione: disattivando i cookies sia nome utente che password non saranno pi\u00f9 memorizzati sul box di login del sito.<br \/>Firefox:<\/p>\n<ol start=\"1\" type=\"1\">\n<li>Apri Firefox<\/li>\n<li>Premi il pulsante \u201cAlt\u201d sulla tastiera<\/li>\n<li>Nella barra degli strumenti situata nella parte superiore del browser, seleziona \u201cStrumenti\u201d e successivamente \u201cOpzioni\u201d<\/li>\n<li>Seleziona quindi la scheda \u201cPrivacy\u201d<\/li>\n<li>Vai su \u201cImpostazioni Cronologia:\u201d e successivamente su \u201cUtilizza impostazioni personalizzate\u201d . Deseleziona \u201cAccetta i cookie dai siti\u201d e salva le preferenze.<\/li>\n<\/ol>\n<p>Internet Explorer:<\/p>\n<ol start=\"1\" type=\"1\">\n<li>Apri Internet Explorer<\/li>\n<li>Clicca sul pulsante \u201cStrumenti\u201d e quindi su \u201cOpzioni Internet\u201d<\/li>\n<li>Seleziona la scheda \u201cPrivacy\u201d e sposta il dispositivo di scorrimento sul livello di privacy che desideri impostare (verso l\u2019alto per bloccare tutti i cookies o verso il basso per consentirli tutti)<\/li>\n<li>Quindi clicca su OK<\/li>\n<\/ol>\n<p>Google Chrome:<\/p>\n<ol start=\"1\" type=\"1\">\n<li>Apri Google Chrome<\/li>\n<li>Clicca sull&rsquo;icona \u201cStrumenti\u201d<\/li>\n<li>Seleziona \u201cImpostazioni\u201d e successivamente \u201cImpostazioni avanzate\u201d<\/li>\n<li>Seleziona \u201cImpostazioni dei contenuti\u201d sotto la voce \u201cPrivacy\u201d<\/li>\n<li>Nella scheda \u201cCookies\u201d \u00e8 possibile deselezionare i cookies e salvare le preferenze<\/li>\n<\/ol>\n<p>Safari:<\/p>\n<ol start=\"1\" type=\"1\">\n<li>Apri Safari<\/li>\n<li>Scegli \u201cPreferenze\u201d nella barra degli strumenti, quindi seleziona il pannello \u201cSicurezza\u201d nella finestra di dialogo che segue<\/li>\n<li>Nella sezione \u201cAccetta cookie\u201d \u00e8 possibile specificare se e quando Safari deve salvare i cookies dai siti web. Per ulteriori informazioni clicca sul pulsante di Aiuto ( contrassegnato da un punto interrogativo)<\/li>\n<li>Per maggiori informazioni sui cookies che vengono memorizzati sul vostro computer, clicca su \u201cMostra cookie\u201d<\/li>\n<\/ol>\n<p>[\/et_pb_text][\/et_pb_column][\/et_pb_row][\/et_pb_section]<\/p>\n","protected":false},"excerpt":{"rendered":"<p>Privacy Policy\u00a0Nel seguito sono riportati i termini d\u2019accordo legale tra l&rsquo;utente di questo sito web e Alcap S.r.l.; accedendo e\/o utilizzando questo sito, l&rsquo;utente implicitamente dichiara di averne letto, compreso ed accettato le condizioni di utilizzo. Se non si accettano le condizioni di utilizzo di seguito riportate, non si usi questo sito.Questo sito Web contiene [&hellip;]<\/p>\n","protected":false},"author":2,"featured_media":0,"parent":0,"menu_order":0,"comment_status":"closed","ping_status":"closed","template":"","meta":{"_et_pb_use_builder":"on","_et_pb_old_content":"","_et_gb_content_width":"","footnotes":""},"class_list":["post-1366","page","type-page","status-publish","hentry"],"_links":{"self":[{"href":"https:\/\/www.alcap.net\/fr\/wp-json\/wp\/v2\/pages\/1366","targetHints":{"allow":["GET"]}}],"collection":[{"href":"https:\/\/www.alcap.net\/fr\/wp-json\/wp\/v2\/pages"}],"about":[{"href":"https:\/\/www.alcap.net\/fr\/wp-json\/wp\/v2\/types\/page"}],"author":[{"embeddable":true,"href":"https:\/\/www.alcap.net\/fr\/wp-json\/wp\/v2\/users\/2"}],"replies":[{"embeddable":true,"href":"https:\/\/www.alcap.net\/fr\/wp-json\/wp\/v2\/comments?post=1366"}],"version-history":[{"count":2,"href":"https:\/\/www.alcap.net\/fr\/wp-json\/wp\/v2\/pages\/1366\/revisions"}],"predecessor-version":[{"id":1368,"href":"https:\/\/www.alcap.net\/fr\/wp-json\/wp\/v2\/pages\/1366\/revisions\/1368"}],"wp:attachment":[{"href":"https:\/\/www.alcap.net\/fr\/wp-json\/wp\/v2\/media?parent=1366"}],"curies":[{"name":"wp","href":"https:\/\/api.w.org\/{rel}","templated":true}]}}