{"id":1425,"date":"2024-12-09T15:17:59","date_gmt":"2024-12-09T14:17:59","guid":{"rendered":"https:\/\/www.alcap.net\/que-hacemos\/"},"modified":"2025-01-25T17:48:38","modified_gmt":"2025-01-25T16:48:38","slug":"que-hacemos","status":"publish","type":"page","link":"https:\/\/www.alcap.net\/es\/que-hacemos\/","title":{"rendered":"Qu\u00e9 hacemos"},"content":{"rendered":"<p>[et_pb_section fb_built=\u00bb1&#8243; _builder_version=\u00bb4.27.4&#8243; _module_preset=\u00bbdefault\u00bb use_background_color_gradient=\u00bbon\u00bb background_color_gradient_direction=\u00bb170deg\u00bb background_color_gradient_stops=\u00bb#002e4f 1%|rgba(8,70,102,0.72) 100%\u00bb background_color_gradient_overlays_image=\u00bbon\u00bb background_image=\u00bbhttps:\/\/www.alcap.net\/wp-content\/uploads\/2024\/12\/Alcap-Fotohome-02-2024-scaled.jpg\u00bb custom_padding=\u00bb||1px|||\u00bb hover_enabled=\u00bb0&#8243; global_colors_info=\u00bb{}\u00bb background_color=\u00bb#084666&#8243; sticky_enabled=\u00bb0&#8243; title_text=\u00bbAlcap Fotohome 02 2024&#8243;][et_pb_row _builder_version=\u00bb4.27.4&#8243; _module_preset=\u00bbdefault\u00bb global_colors_info=\u00bb{}\u00bb][et_pb_column type=\u00bb4_4&#8243; _builder_version=\u00bb4.27.4&#8243; _module_preset=\u00bbdefault\u00bb global_colors_info=\u00bb{}\u00bb][et_pb_text _builder_version=\u00bb4.27.4&#8243; _module_preset=\u00bbdefault\u00bb header_font=\u00bb&#8211;et_global_heading_font|800|||||||\u00bb header_font_size=\u00bb60px\u00bb header_line_height=\u00bb1.3em\u00bb global_colors_info=\u00bb{}\u00bb]<\/p>\n<h1><span style=\"color: #ffffff;\"><strong>Qu\u00e9 hacemos<\/strong><\/span><\/h1>\n<p>[\/et_pb_text][\/et_pb_column][\/et_pb_row][et_pb_row column_structure=\u00bb2_5,3_5&#8243; _builder_version=\u00bb4.27.4&#8243; _module_preset=\u00bbdefault\u00bb global_colors_info=\u00bb{}\u00bb][et_pb_column type=\u00bb2_5&#8243; _builder_version=\u00bb4.27.4&#8243; _module_preset=\u00bbdefault\u00bb global_colors_info=\u00bb{}\u00bb][et_pb_gallery gallery_ids=\u00bb834,828,822,816&#8243; fullwidth=\u00bbon\u00bb _builder_version=\u00bb4.27.4&#8243; _module_preset=\u00bbdefault\u00bb auto=\u00bbon\u00bb auto_speed=\u00bb5000&#8243; global_colors_info=\u00bb{}\u00bb][\/et_pb_gallery][\/et_pb_column][et_pb_column type=\u00bb3_5&#8243; _builder_version=\u00bb4.27.4&#8243; _module_preset=\u00bbdefault\u00bb global_colors_info=\u00bb{}\u00bb][et_pb_text _builder_version=\u00bb4.27.4&#8243; _module_preset=\u00bbdefault\u00bb text_font=\u00bb&#8211;et_global_body_font||||||||\u00bb text_line_height=\u00bb2em\u00bb global_colors_info=\u00bb{}\u00bb]<\/p>\n<h2><span style=\"color: #ffffff;\"><strong>Fresado<\/strong><\/span><\/h2>\n<p><span style=\"color: #ffffff;\">Mediante las operaciones de fresado, se realizan elaboraciones mec\u00e1nicas en obra en bancadas de turbinas, motores el\u00e9ctricos de grandes dimensiones y cajas de engranajes, revestimientos superiores de prensas o superficies de apoyo de m\u00e1quinas. <\/span><\/p>\n<p><span style=\"color: #ffffff;\">Nuestro vasto parque de fresadoras manuales y de CNC de tres ejes de diferentes dimensiones permite llevar a cabo en modo excelente las operaciones solicitadas, pr\u00e1cticamente en todos los espacios de trabajo disponibles.<\/span><\/p>\n<p>[\/et_pb_text][\/et_pb_column][\/et_pb_row][et_pb_row column_structure=\u00bb2_5,3_5&#8243; _builder_version=\u00bb4.27.4&#8243; _module_preset=\u00bbdefault\u00bb global_colors_info=\u00bb{}\u00bb][et_pb_column type=\u00bb2_5&#8243; _builder_version=\u00bb4.27.4&#8243; _module_preset=\u00bbdefault\u00bb global_colors_info=\u00bb{}\u00bb][et_pb_gallery gallery_ids=\u00bb852,846,840&#8243; fullwidth=\u00bbon\u00bb _builder_version=\u00bb4.27.4&#8243; _module_preset=\u00bbdefault\u00bb auto=\u00bbon\u00bb auto_speed=\u00bb5000&#8243; global_colors_info=\u00bb{}\u00bb][\/et_pb_gallery][\/et_pb_column][et_pb_column type=\u00bb3_5&#8243; _builder_version=\u00bb4.27.4&#8243; _module_preset=\u00bbdefault\u00bb global_colors_info=\u00bb{}\u00bb][et_pb_text _builder_version=\u00bb4.27.4&#8243; _module_preset=\u00bbdefault\u00bb text_font=\u00bb&#8211;et_global_body_font||||||||\u00bb text_line_height=\u00bb2em\u00bb global_colors_info=\u00bb{}\u00bb]<\/p>\n<h2><span style=\"color: #ffffff;\"><strong>Mandrinado en l\u00ednea<\/strong><\/span><\/h2>\n<p><span style=\"color: #ffffff;\">El mandrinado en l\u00ednea se aplica para realizar alojamientos de pernos, cojinetes mec\u00e1nicos y casquillos. El empleo comprende m\u00e1quinas de movimiento de tierra, estructuras civiles e industriales, cilindros de motores, interruptores de palanca de rodilla para m\u00e1quinas industriales y otras aplicaciones.<\/span><\/p>\n<p><span style=\"color: #ffffff;\">Estas m\u00e1quinas, con sus respectivos accesorios, se usan para efectuar soldaduras de reparaci\u00f3n con accionamiento autom\u00e1tico de los movimientos circular y axial del soplete, obteniendo un dep\u00f3sito uniforme y regular del material de soldadura. Tambi\u00e9n es posible soldar dentro de peque\u00f1os di\u00e1metros a los que no se podr\u00eda acceder de otro modo.<\/span><\/p>\n<p>[\/et_pb_text][\/et_pb_column][\/et_pb_row][et_pb_row column_structure=\u00bb2_5,3_5&#8243; _builder_version=\u00bb4.27.4&#8243; _module_preset=\u00bbdefault\u00bb global_colors_info=\u00bb{}\u00bb][et_pb_column type=\u00bb2_5&#8243; _builder_version=\u00bb4.27.4&#8243; _module_preset=\u00bbdefault\u00bb global_colors_info=\u00bb{}\u00bb][et_pb_gallery gallery_ids=\u00bb871,865,859&#8243; fullwidth=\u00bbon\u00bb _builder_version=\u00bb4.27.4&#8243; _module_preset=\u00bbdefault\u00bb auto=\u00bbon\u00bb auto_speed=\u00bb5000&#8243; global_colors_info=\u00bb{}\u00bb][\/et_pb_gallery][\/et_pb_column][et_pb_column type=\u00bb3_5&#8243; _builder_version=\u00bb4.27.4&#8243; _module_preset=\u00bbdefault\u00bb global_colors_info=\u00bb{}\u00bb][et_pb_text _builder_version=\u00bb4.27.4&#8243; _module_preset=\u00bbdefault\u00bb text_font=\u00bb&#8211;et_global_body_font||||||||\u00bb text_line_height=\u00bb2em\u00bb global_colors_info=\u00bb{}\u00bb]<\/p>\n<h2><span style=\"color: #ffffff;\"><strong>Perforaciones y aterrajados<\/strong><\/span><\/h2>\n<p><span style=\"color: #ffffff;\">Con el empleo de m\u00e1quinas perforadoras y mandrinadoras de accionamiento hidr\u00e1ulico o el\u00e9ctrico de elevada potencia se efect\u00faan orificios en acero o acero aleado de hasta elevados di\u00e1metros con puntas de insertos. Los orificios pueden realizarse sin perforaci\u00f3n previa y aterrajado directo. Por medio de taladros de base magn\u00e9tica, soportes auxiliares y herramientas especiales, se pueden perforar orificios calibrados de hasta 50 mm de di\u00e1metro y roscados de hasta M46. La perforaci\u00f3n de grandes di\u00e1metros se efect\u00faa junto con una mandriladora. <\/span><\/p>\n<p><span style=\"color: #ffffff;\">Tambi\u00e9n podemos hacer orificios y orificios roscados con fresadoras manuales o de CNC de tres ejes. <\/span><\/p>\n<p>[\/et_pb_text][\/et_pb_column][\/et_pb_row][et_pb_row column_structure=\u00bb2_5,3_5&#8243; _builder_version=\u00bb4.27.4&#8243; _module_preset=\u00bbdefault\u00bb global_colors_info=\u00bb{}\u00bb][et_pb_column type=\u00bb2_5&#8243; _builder_version=\u00bb4.27.4&#8243; _module_preset=\u00bbdefault\u00bb global_colors_info=\u00bb{}\u00bb][et_pb_gallery gallery_ids=\u00bb889,883,877&#8243; fullwidth=\u00bbon\u00bb _builder_version=\u00bb4.27.4&#8243; _module_preset=\u00bbdefault\u00bb auto=\u00bbon\u00bb auto_speed=\u00bb5000&#8243; global_colors_info=\u00bb{}\u00bb][\/et_pb_gallery][\/et_pb_column][et_pb_column type=\u00bb3_5&#8243; _builder_version=\u00bb4.27.4&#8243; _module_preset=\u00bbdefault\u00bb global_colors_info=\u00bb{}\u00bb][et_pb_text _builder_version=\u00bb4.27.4&#8243; _module_preset=\u00bbdefault\u00bb text_font=\u00bb&#8211;et_global_body_font||||||||\u00bb text_line_height=\u00bb2em\u00bb custom_padding=\u00bb0px|||||\u00bb global_colors_info=\u00bb{}\u00bb]<\/p>\n<h2><span style=\"color: #ffffff;\"><strong>Aplanado de bridas y fresado circular<\/strong><\/span><\/h2>\n<p><span style=\"color: #ffffff;\">Aplanado de bridas y fresado circular. El fresado circular se utiliza para operaciones de aplanado, ranurado y acabado de superficies.<\/span><\/p>\n<p>[\/et_pb_text][\/et_pb_column][\/et_pb_row][et_pb_row column_structure=\u00bb2_5,3_5&#8243; _builder_version=\u00bb4.27.4&#8243; _module_preset=\u00bbdefault\u00bb global_colors_info=\u00bb{}\u00bb][et_pb_column type=\u00bb2_5&#8243; _builder_version=\u00bb4.27.4&#8243; _module_preset=\u00bbdefault\u00bb global_colors_info=\u00bb{}\u00bb][et_pb_gallery gallery_ids=\u00bb901,895&#8243; fullwidth=\u00bbon\u00bb _builder_version=\u00bb4.27.4&#8243; _module_preset=\u00bbdefault\u00bb auto=\u00bbon\u00bb auto_speed=\u00bb5000&#8243; global_colors_info=\u00bb{}\u00bb][\/et_pb_gallery][\/et_pb_column][et_pb_column type=\u00bb3_5&#8243; _builder_version=\u00bb4.27.4&#8243; _module_preset=\u00bbdefault\u00bb global_colors_info=\u00bb{}\u00bb][et_pb_text _builder_version=\u00bb4.27.4&#8243; _module_preset=\u00bbdefault\u00bb text_font=\u00bb&#8211;et_global_body_font||||||||\u00bb text_line_height=\u00bb2em\u00bb custom_padding=\u00bb0px|||||\u00bb global_colors_info=\u00bb{}\u00bb]<\/p>\n<h2><span style=\"color: #ffffff;\">Tornos<\/span><\/h2>\n<p><span style=\"color: #ffffff;\">Los tornos se utilizan para el torneado del di\u00e1metro exterior de pernos o ejes.<br \/>\n<\/span><\/p>\n<ul>\n<li><span style=\"color: #ffffff;\">Grandes motores y alternadores<\/span><\/li>\n<li><span style=\"color: #ffffff;\">Ejes de esmeriladoras o fresadoras<\/span><\/li>\n<\/ul>\n<p>[\/et_pb_text][\/et_pb_column][\/et_pb_row][et_pb_row column_structure=\u00bb2_5,3_5&#8243; _builder_version=\u00bb4.27.4&#8243; _module_preset=\u00bbdefault\u00bb global_colors_info=\u00bb{}\u00bb][et_pb_column type=\u00bb2_5&#8243; _builder_version=\u00bb4.27.4&#8243; _module_preset=\u00bbdefault\u00bb global_colors_info=\u00bb{}\u00bb][et_pb_gallery gallery_ids=\u00bb919,913,907&#8243; fullwidth=\u00bbon\u00bb _builder_version=\u00bb4.27.4&#8243; _module_preset=\u00bbdefault\u00bb auto=\u00bbon\u00bb auto_speed=\u00bb5000&#8243; global_colors_info=\u00bb{}\u00bb][\/et_pb_gallery][\/et_pb_column][et_pb_column type=\u00bb3_5&#8243; _builder_version=\u00bb4.27.4&#8243; _module_preset=\u00bbdefault\u00bb global_colors_info=\u00bb{}\u00bb][et_pb_text _builder_version=\u00bb4.27.4&#8243; _module_preset=\u00bbdefault\u00bb text_font=\u00bb&#8211;et_global_body_font||||||||\u00bb text_line_height=\u00bb2em\u00bb global_colors_info=\u00bb{}\u00bb]<\/p>\n<h2><span style=\"color: #ffffff;\"><strong>Corte de metales<\/strong><\/span><\/h2>\n<p><span style=\"color: #ffffff;\">Este procedimiento se utiliza para cortar grandes estructuras de metal, pernos o dep\u00f3sitos, utilizando discos de corte o hilos diamantados.<\/span><\/p>\n<p><span style=\"color: #ffffff;\">Tambi\u00e9n efectuamos cortes bajo agua y segmentaciones de \u00abhot components\u00bb (instalaciones nucleares).<\/span><\/p>\n<p>[\/et_pb_text][\/et_pb_column][\/et_pb_row][et_pb_row column_structure=\u00bb2_5,3_5&#8243; _builder_version=\u00bb4.27.4&#8243; _module_preset=\u00bbdefault\u00bb global_colors_info=\u00bb{}\u00bb][et_pb_column type=\u00bb2_5&#8243; _builder_version=\u00bb4.27.4&#8243; _module_preset=\u00bbdefault\u00bb global_colors_info=\u00bb{}\u00bb][et_pb_gallery gallery_ids=\u00bb943,937,931,925&#8243; fullwidth=\u00bbon\u00bb _builder_version=\u00bb4.27.4&#8243; _module_preset=\u00bbdefault\u00bb auto=\u00bbon\u00bb auto_speed=\u00bb5000&#8243; global_colors_info=\u00bb{}\u00bb][\/et_pb_gallery][\/et_pb_column][et_pb_column type=\u00bb3_5&#8243; _builder_version=\u00bb4.27.4&#8243; _module_preset=\u00bbdefault\u00bb global_colors_info=\u00bb{}\u00bb][et_pb_text _builder_version=\u00bb4.27.4&#8243; _module_preset=\u00bbdefault\u00bb text_font=\u00bb&#8211;et_global_body_font||||||||\u00bb text_line_height=\u00bb2em\u00bb global_colors_info=\u00bb{}\u00bb]<\/p>\n<h2><span style=\"color: #ffffff;\"><strong>Soldadura<\/strong><\/span><\/h2>\n<p><span style=\"color: #ffffff;\">Efectuamos diferentes procedimientos de soldadura, tales como TIG, MIG\/MAG, plasma o con electrodo revestido, para variadas aplicaciones.<\/span><br \/><span style=\"color: #ffffff;\">Ejemplos de empleo:<\/span><br \/><span style=\"color: #ffffff;\">Reparaciones en autom\u00e1ticos interiores y exteriores<\/span><br \/><span style=\"color: #ffffff;\">Carpinter\u00eda<\/span><br \/><span style=\"color: #ffffff;\">Rellenos<\/span><br \/><span style=\"color: #ffffff;\">Reparaciones<\/span><br \/><span style=\"color: #ffffff;\">Tambi\u00e9n efectuamos revestimientos superiores de prensas<\/span><\/p>\n<p>[\/et_pb_text][\/et_pb_column][\/et_pb_row][et_pb_row column_structure=\u00bb2_5,3_5&#8243; _builder_version=\u00bb4.27.4&#8243; _module_preset=\u00bbdefault\u00bb global_colors_info=\u00bb{}\u00bb][et_pb_column type=\u00bb2_5&#8243; _builder_version=\u00bb4.27.4&#8243; _module_preset=\u00bbdefault\u00bb global_colors_info=\u00bb{}\u00bb][et_pb_gallery gallery_ids=\u00bb955,949&#8243; fullwidth=\u00bbon\u00bb _builder_version=\u00bb4.27.4&#8243; _module_preset=\u00bbdefault\u00bb auto=\u00bbon\u00bb auto_speed=\u00bb5000&#8243; global_colors_info=\u00bb{}\u00bb][\/et_pb_gallery][\/et_pb_column][et_pb_column type=\u00bb3_5&#8243; _builder_version=\u00bb4.27.4&#8243; _module_preset=\u00bbdefault\u00bb global_colors_info=\u00bb{}\u00bb][et_pb_text _builder_version=\u00bb4.27.4&#8243; _module_preset=\u00bbdefault\u00bb text_font=\u00bb&#8211;et_global_body_font||||||||\u00bb text_line_height=\u00bb2em\u00bb global_colors_info=\u00bb{}\u00bb]<\/p>\n<h2><span style=\"color: #ffffff;\"><strong>Ensamblaje<\/strong><\/span><\/h2>\n<p><span style=\"color: #ffffff;\">Ensamblaje de elementos met\u00e1licos con nitr\u00f3geno liquido<\/span><\/p>\n<p><span style=\"color: #ffffff;\">El ensamblaje es la operaci\u00f3n que m\u00e1s suelen utilizar los fabricantes mec\u00e1nicos para acoplar dos elementos entre s\u00ed. Consiste en introducir total o parcialmente un elemento \u00abmacho\u00bb, principalmente de forma cil\u00edndrica, en otro \u00abhembra\u00bb con id\u00e9ntica forma, pero con dimensiones ligeramente inferiores. Tal diferencia de dimensiones, denominada apriete o interferencia, es calculada por el fabricante en funci\u00f3n del esfuerzo y la resistencia mec\u00e1nica deseada.<\/span><br \/><span style=\"color: #ffffff;\">Disponemos de todos los conocimientos y de los equipos necesarios para realizar estas mecanizaciones. <\/span><\/p>\n<p>[\/et_pb_text][\/et_pb_column][\/et_pb_row][et_pb_row column_structure=\u00bb2_5,3_5&#8243; _builder_version=\u00bb4.27.4&#8243; _module_preset=\u00bbdefault\u00bb global_colors_info=\u00bb{}\u00bb][et_pb_column type=\u00bb2_5&#8243; _builder_version=\u00bb4.27.4&#8243; _module_preset=\u00bbdefault\u00bb global_colors_info=\u00bb{}\u00bb][et_pb_gallery gallery_ids=\u00bb974,968,962&#8243; fullwidth=\u00bbon\u00bb _builder_version=\u00bb4.27.4&#8243; _module_preset=\u00bbdefault\u00bb auto=\u00bbon\u00bb auto_speed=\u00bb5000&#8243; global_colors_info=\u00bb{}\u00bb][\/et_pb_gallery][\/et_pb_column][et_pb_column type=\u00bb3_5&#8243; _builder_version=\u00bb4.27.4&#8243; _module_preset=\u00bbdefault\u00bb global_colors_info=\u00bb{}\u00bb][et_pb_text _builder_version=\u00bb4.27.4&#8243; _module_preset=\u00bbdefault\u00bb text_font=\u00bb&#8211;et_global_body_font||||||||\u00bb text_line_height=\u00bb2em\u00bb global_colors_info=\u00bb{}\u00bb]<\/p>\n<h2><span style=\"color: #ffffff;\"><strong>Mediciones<\/strong><\/span><\/h2>\n<p><span style=\"color: #ffffff;\">Efectuamos una vasta gama de mediciones mec\u00e1nicas in situ. <\/span><\/p>\n<p><span style=\"color: #ffffff;\">\u00a0<\/span><\/p>\n<ul>\n<li><span style=\"color: #ffffff;\">Alineaci\u00f3n con sistema l\u00e1ser<\/span><\/li>\n<li><span style=\"color: #ffffff;\">Paralelismo y prueba de retracci\u00f3n de las columnas de la m\u00e1quina (montantes) utilizando un extens\u00edmetro<\/span><\/li>\n<li><span style=\"color: #ffffff;\">Controles no destructivos de materiales con el uso de ultrasonidos<\/span><\/li>\n<li><span style=\"color: #ffffff;\">Medici\u00f3n de las dimensiones con brazo de medici\u00f3n articulado FARO (3D CAD)<\/span><\/li>\n<li><span style=\"color: #ffffff;\">Termograf\u00edas con c\u00e1mara t\u00e9rmica<\/span><\/li>\n<li><span style=\"color: #ffffff;\">Prueba de dureza mediante instrumentos Mitutoyo<\/span><\/li>\n<\/ul>\n<p>[\/et_pb_text][\/et_pb_column][\/et_pb_row][et_pb_row column_structure=\u00bb2_5,3_5&#8243; _builder_version=\u00bb4.27.4&#8243; _module_preset=\u00bbdefault\u00bb global_colors_info=\u00bb{}\u00bb][et_pb_column type=\u00bb2_5&#8243; _builder_version=\u00bb4.27.4&#8243; _module_preset=\u00bbdefault\u00bb global_colors_info=\u00bb{}\u00bb][et_pb_gallery gallery_ids=\u00bb797,803,809&#8243; fullwidth=\u00bbon\u00bb _builder_version=\u00bb4.27.4&#8243; _module_preset=\u00bbdefault\u00bb auto=\u00bbon\u00bb auto_speed=\u00bb5000&#8243; global_colors_info=\u00bb{}\u00bb][\/et_pb_gallery][\/et_pb_column][et_pb_column type=\u00bb3_5&#8243; _builder_version=\u00bb4.27.4&#8243; _module_preset=\u00bbdefault\u00bb global_colors_info=\u00bb{}\u00bb][et_pb_text _builder_version=\u00bb4.27.4&#8243; _module_preset=\u00bbdefault\u00bb text_font=\u00bb&#8211;et_global_body_font||||||||\u00bb text_line_height=\u00bb2em\u00bb global_colors_info=\u00bb{}\u00bb]<\/p>\n<h2><span style=\"color: #ffffff;\"><strong>Equipos para m\u00e1quinas en obra<\/strong><\/span><\/h2>\n<p><span style=\"color: #ffffff;\">Las intervenciones en obra suelen requerir instrumentos espec\u00edficos y tambi\u00e9n m\u00e1quinas especiales.<\/span><br \/><span style=\"color: #ffffff;\">Disponemos de un amplio abanico de m\u00e1quinas fabricadas y homologadas por nuestra empresa.<\/span><br \/><span style=\"color: #ffffff;\">Adem\u00e1s, dise\u00f1amos y fabricamos maquinaria para procesos espec\u00edficos en obra a petici\u00f3n de nuestros clientes.<\/span><\/p>\n<p>[\/et_pb_text][\/et_pb_column][\/et_pb_row][\/et_pb_section]<\/p>\n","protected":false},"excerpt":{"rendered":"<p>Qu\u00e9 hacemosFresado Mediante las operaciones de fresado, se realizan elaboraciones mec\u00e1nicas en obra en bancadas de turbinas, motores el\u00e9ctricos de grandes dimensiones y cajas de engranajes, revestimientos superiores de prensas o superficies de apoyo de m\u00e1quinas. Nuestro vasto parque de fresadoras manuales y de CNC de tres ejes de diferentes dimensiones permite llevar a cabo [&hellip;]<\/p>\n","protected":false},"author":2,"featured_media":0,"parent":0,"menu_order":0,"comment_status":"closed","ping_status":"closed","template":"","meta":{"_et_pb_use_builder":"on","_et_pb_old_content":"","_et_gb_content_width":"","footnotes":""},"class_list":["post-1425","page","type-page","status-publish","hentry"],"_links":{"self":[{"href":"https:\/\/www.alcap.net\/es\/wp-json\/wp\/v2\/pages\/1425","targetHints":{"allow":["GET"]}}],"collection":[{"href":"https:\/\/www.alcap.net\/es\/wp-json\/wp\/v2\/pages"}],"about":[{"href":"https:\/\/www.alcap.net\/es\/wp-json\/wp\/v2\/types\/page"}],"author":[{"embeddable":true,"href":"https:\/\/www.alcap.net\/es\/wp-json\/wp\/v2\/users\/2"}],"replies":[{"embeddable":true,"href":"https:\/\/www.alcap.net\/es\/wp-json\/wp\/v2\/comments?post=1425"}],"version-history":[{"count":2,"href":"https:\/\/www.alcap.net\/es\/wp-json\/wp\/v2\/pages\/1425\/revisions"}],"predecessor-version":[{"id":1427,"href":"https:\/\/www.alcap.net\/es\/wp-json\/wp\/v2\/pages\/1425\/revisions\/1427"}],"wp:attachment":[{"href":"https:\/\/www.alcap.net\/es\/wp-json\/wp\/v2\/media?parent=1425"}],"curies":[{"name":"wp","href":"https:\/\/api.w.org\/{rel}","templated":true}]}}