{"id":1343,"date":"2024-12-08T18:00:24","date_gmt":"2024-12-08T17:00:24","guid":{"rendered":"https:\/\/www.alcap.net\/quienes-somos\/"},"modified":"2025-01-30T21:15:33","modified_gmt":"2025-01-30T20:15:33","slug":"quienes-somos","status":"publish","type":"page","link":"https:\/\/www.alcap.net\/es\/quienes-somos\/","title":{"rendered":"Qui\u00e9nes somos"},"content":{"rendered":"<p>[et_pb_section fb_built=\u00bb1&#8243; admin_label=\u00bbHero\u00bb _builder_version=\u00bb4.27.4&#8243; background_color=\u00bb#084666&#8243; use_background_color_gradient=\u00bbon\u00bb background_color_gradient_direction=\u00bb170deg\u00bb background_color_gradient_stops=\u00bb#002e4f 1%|rgba(8,70,102,0.8) 100%\u00bb background_color_gradient_overlays_image=\u00bbon\u00bb background_color_gradient_start=\u00bb#002e4f\u00bb background_color_gradient_start_position=\u00bb1%\u00bb background_color_gradient_end=\u00bbrgba(8,70,102,0.8)\u00bb background_image=\u00bbhttps:\/\/www.alcap.net\/wp-content\/uploads\/2024\/12\/1.jpg\u00bb custom_padding=\u00bb|||\u00bb global_colors_info=\u00bb{}\u00bb][et_pb_row _builder_version=\u00bb4.27.4&#8243; background_size=\u00bbinitial\u00bb background_position=\u00bbtop_left\u00bb background_repeat=\u00bbrepeat\u00bb custom_padding=\u00bb27px|0px|27px|0px|false|false\u00bb global_colors_info=\u00bb{}\u00bb][et_pb_column type=\u00bb4_4&#8243; _builder_version=\u00bb4.16&#8243; custom_padding=\u00bb|||\u00bb global_colors_info=\u00bb{}\u00bb custom_padding__hover=\u00bb|||\u00bb][et_pb_text _builder_version=\u00bb4.27.4&#8243; text_font=\u00bb||||||||\u00bb text_font_size=\u00bb20px\u00bb text_line_height=\u00bb1.8em\u00bb header_font=\u00bbOpen Sans|800|||||||\u00bb header_font_size=\u00bb60px\u00bb header_line_height=\u00bb1.3em\u00bb background_size=\u00bbinitial\u00bb background_position=\u00bbtop_left\u00bb background_repeat=\u00bbrepeat\u00bb background_layout=\u00bbdark\u00bb custom_margin=\u00bb|||\u00bb custom_margin_tablet=\u00bb|100px||\u00bb custom_margin_phone=\u00bb|30px||\u00bb custom_margin_last_edited=\u00bboff|desktop\u00bb custom_padding=\u00bb||0px|||\u00bb header_font_size_tablet=\u00bb50px\u00bb header_font_size_phone=\u00bb40px\u00bb header_font_size_last_edited=\u00bbon|phone\u00bb header_line_height_tablet=\u00bb\u00bb header_line_height_phone=\u00bb\u00bb header_line_height_last_edited=\u00bbon|desktop\u00bb global_colors_info=\u00bb{}\u00bb]<\/p>\n<h1><strong>Qui\u00e9nes somos<\/strong><\/h1>\n<p style=\"text-align: left;\">Somos una empresa con una vasta experiencia, especializada en mediciones y elaboraciones mec\u00e1nicas en obra.<\/p>\n<p>[\/et_pb_text][\/et_pb_column][\/et_pb_row][et_pb_row _builder_version=\u00bb4.27.4&#8243; _module_preset=\u00bbdefault\u00bb global_colors_info=\u00bb{}\u00bb][et_pb_column type=\u00bb4_4&#8243; _builder_version=\u00bb4.27.4&#8243; _module_preset=\u00bbdefault\u00bb global_colors_info=\u00bb{}\u00bb][et_pb_text _builder_version=\u00bb4.27.4&#8243; text_font=\u00bb||||||||\u00bb text_line_height=\u00bb2em\u00bb header_font=\u00bb||||||||\u00bb header_3_font=\u00bbOpen Sans|700|||||||\u00bb header_3_line_height=\u00bb1.6em\u00bb background_color=\u00bbRGBA(255,255,255,0)\u00bb background_layout=\u00bbdark\u00bb custom_margin=\u00bb|||\u00bb custom_padding=\u00bb30px|30px|30px|30px|true|true\u00bb animation_style=\u00bbfold\u00bb animation_direction=\u00bbtop\u00bb global_colors_info=\u00bb{}\u00bb]<\/p>\n<h2 style=\"text-align: center;\">MEC\u00c1NICA EN OBRA POR PASI\u00d3N.<\/h2>\n<p>[\/et_pb_text][\/et_pb_column][\/et_pb_row][et_pb_row column_structure=\u00bb1_3,1_3,1_3&#8243; use_custom_gutter=\u00bbon\u00bb gutter_width=\u00bb2&#8243; make_equal=\u00bbon\u00bb module_class=\u00bbabout-us-boxes\u00bb _builder_version=\u00bb4.27.4&#8243; locked=\u00bboff\u00bb global_colors_info=\u00bb{}\u00bb][et_pb_column type=\u00bb1_3&#8243; _builder_version=\u00bb4.16&#8243; custom_padding=\u00bb|||\u00bb global_colors_info=\u00bb{}\u00bb custom_padding__hover=\u00bb|||\u00bb][et_pb_text _builder_version=\u00bb4.27.4&#8243; text_font=\u00bb||||||||\u00bb text_line_height=\u00bb2em\u00bb header_font=\u00bb||||||||\u00bb header_3_font=\u00bbOpen Sans|700|||||||\u00bb header_3_line_height=\u00bb1.6em\u00bb background_color=\u00bb#4e7c97&#8243; background_layout=\u00bbdark\u00bb min_height=\u00bb100%\u00bb height=\u00bb100%\u00bb custom_margin=\u00bb|||\u00bb custom_padding=\u00bb30px|30px|30px|30px|true|true\u00bb animation_style=\u00bbfold\u00bb animation_direction=\u00bbtop\u00bb global_colors_info=\u00bb{}\u00bb]<\/p>\n<h3 style=\"text-align: left;\">NUESTRA VISI\u00d3N<\/h3>\n<div class=\"testo_e_immagini\">\n<p>Imaginamos un mundo en el que todos los que realizan trabajos de mantenimiento, reparaci\u00f3n y producci\u00f3n puedan optimizar sus prestaciones vali\u00e9ndose de nuestra ayuda y de nuestra asistencia<\/p>\n<p style=\"text-align: left;\"><img loading=\"lazy\" decoding=\"async\" class=\"wp-image-1202 alignnone size-medium\" src=\"https:\/\/www.alcap.net\/wp-content\/uploads\/2025\/01\/immagine-1-e1737706470465-300x178.png\" alt=\"\" width=\"300\" height=\"178\" \/><\/p>\n<\/div>\n<p>[\/et_pb_text][\/et_pb_column][et_pb_column type=\u00bb1_3&#8243; _builder_version=\u00bb4.16&#8243; custom_padding=\u00bb|||\u00bb global_colors_info=\u00bb{}\u00bb custom_padding__hover=\u00bb|||\u00bb][et_pb_text _builder_version=\u00bb4.27.4&#8243; text_font=\u00bb||||||||\u00bb text_line_height=\u00bb2em\u00bb header_font=\u00bb||||||||\u00bb header_3_font=\u00bbOpen Sans|700|||||||\u00bb header_3_line_height=\u00bb1.6em\u00bb background_color=\u00bb#a2b0c1&#8243; background_layout=\u00bbdark\u00bb custom_margin=\u00bb|||\u00bb custom_padding=\u00bb30px|30px|30px|30px|true|true\u00bb animation_style=\u00bbfold\u00bb animation_direction=\u00bbtop\u00bb animation_delay=\u00bb200ms\u00bb global_colors_info=\u00bb{}\u00bb]<\/p>\n<h3 style=\"text-align: left;\">NUESTRA MISI\u00d3N<\/h3>\n<div class=\"testo_e_immagini\">\n<p>Ayudar a nuestros clientes con las reparaciones, el mantenimiento y las modificaciones. Reducir los tiempos muertos, mejorar la calidad y ofrecer una \u00f3ptima experiencia de cliente, para gestionar todas las interacciones, dondequiera que sea, en cualquier momento, y con la gran satisfacci\u00f3n de hacerlo.<\/p>\n<p style=\"text-align: left;\"><img loading=\"lazy\" decoding=\"async\" class=\"wp-image-1208 alignnone size-medium\" src=\"https:\/\/www.alcap.net\/wp-content\/uploads\/2025\/01\/immagine-0-e1737706386847-300x178.png\" alt=\"\" width=\"300\" height=\"178\" \/><\/p>\n<\/div>\n<p>[\/et_pb_text][\/et_pb_column][et_pb_column type=\u00bb1_3&#8243; _builder_version=\u00bb4.16&#8243; custom_padding=\u00bb|||\u00bb global_colors_info=\u00bb{}\u00bb custom_padding__hover=\u00bb|||\u00bb][et_pb_text _builder_version=\u00bb4.27.4&#8243; text_font=\u00bb||||||||\u00bb text_line_height=\u00bb2em\u00bb header_font=\u00bb||||||||\u00bb header_3_font=\u00bbOpen Sans|700|||||||\u00bb header_3_line_height=\u00bb1.6em\u00bb background_color=\u00bb#ffffff\u00bb custom_margin=\u00bb|||\u00bb custom_padding=\u00bb30px|30px|30px|30px|true|true\u00bb animation_style=\u00bbfold\u00bb animation_direction=\u00bbtop\u00bb animation_delay=\u00bb400ms\u00bb hover_enabled=\u00bb0&#8243; global_colors_info=\u00bb{}\u00bb min_height=\u00bb100%\u00bb height=\u00bb100%\u00bb sticky_enabled=\u00bb0&#8243;]<\/p>\n<h3 style=\"text-align: left;\">NUESTROS VALORES<\/h3>\n<div class=\"testo_e_immagini\">\n<p>Nuestra ventaja competitiva es el resultado de 25 a\u00f1os de elaboraciones mec\u00e1nicas en obra y de la experiencia pr\u00e1ctica. Con nuestro empe\u00f1o incesante, aspiramos a mejorar todas las interacciones, siempre y en todo lugar.<\/p>\n<p style=\"text-align: left;\"><img loading=\"lazy\" decoding=\"async\" class=\"wp-image-1196 alignnone size-medium\" src=\"https:\/\/www.alcap.net\/wp-content\/uploads\/2025\/01\/immagine-2-e1737706604885-300x178.png\" alt=\"\" width=\"300\" height=\"178\" \/><\/p>\n<\/div>\n<p>[\/et_pb_text][\/et_pb_column][\/et_pb_row][et_pb_row column_structure=\u00bb2_5,3_5&#8243; use_custom_gutter=\u00bbon\u00bb gutter_width=\u00bb2&#8243; make_equal=\u00bbon\u00bb module_class=\u00bbabout-us-boxes\u00bb _builder_version=\u00bb4.27.4&#8243; locked=\u00bboff\u00bb global_colors_info=\u00bb{}\u00bb][et_pb_column type=\u00bb2_5&#8243; _builder_version=\u00bb4.16&#8243; custom_padding=\u00bb|||\u00bb global_colors_info=\u00bb{}\u00bb custom_padding__hover=\u00bb|||\u00bb][et_pb_text _builder_version=\u00bb4.27.4&#8243; text_font=\u00bb||||||||\u00bb text_line_height=\u00bb2em\u00bb header_font=\u00bb||||||||\u00bb header_3_font=\u00bbOpen Sans|700|||||||\u00bb header_3_line_height=\u00bb1.6em\u00bb background_color=\u00bbRGBA(255,255,255,0)\u00bb background_layout=\u00bbdark\u00bb min_height=\u00bb100%\u00bb height=\u00bb100%\u00bb custom_margin=\u00bb|||\u00bb animation_style=\u00bbfold\u00bb animation_direction=\u00bbtop\u00bb global_colors_info=\u00bb{}\u00bb]<\/p>\n<div style=\"display: flex; flex-flow: column; height: 300px; justify-content: space-between;\">\n<h2 style=\"text-align: left; margin-top: 0; padding-top: 0; margin-bottom: 15px;\">SECTORES DE APLICACI\u00d3N<\/h2>\n<div>Sectores industriales en general<\/div>\n<div>Producci\u00f3n<\/div>\n<div>Miner\u00eda y construcci\u00f3n<\/div>\n<div>Gas y petr\u00f3leo<\/div>\n<div>Producci\u00f3n de energ\u00eda<\/div>\n<div>Astilleros de construcci\u00f3n y reparaciones<\/div>\n<\/div>\n<p>[\/et_pb_text][\/et_pb_column][et_pb_column type=\u00bb3_5&#8243; _builder_version=\u00bb4.16&#8243; custom_padding=\u00bb|||\u00bb global_colors_info=\u00bb{}\u00bb custom_padding__hover=\u00bb|||\u00bb][et_pb_text _builder_version=\u00bb4.27.4&#8243; text_font=\u00bb||||||||\u00bb text_line_height=\u00bb2em\u00bb header_font=\u00bb||||||||\u00bb header_3_font=\u00bbOpen Sans|700|||||||\u00bb header_3_line_height=\u00bb1.6em\u00bb background_color=\u00bbRGBA(255,255,255,0)\u00bb custom_margin=\u00bb|||\u00bb custom_padding=\u00bb0px|0px|0px|0px|true|true\u00bb animation_style=\u00bbfold\u00bb animation_direction=\u00bbtop\u00bb animation_delay=\u00bb400ms\u00bb custom_css_main_element=\u00bbdisplay: flex;||margin-top: auto;||margin-bottom: auto;\u00bb global_colors_info=\u00bb{}\u00bb]<\/p>\n<div style=\"height: 300px; overflow: hidden; padding: 0; margin: 0; background: url('https:\/\/www.alcap.net\/wp-content\/uploads\/2025\/01\/mondo.jpg'); background-size: cover;\"><\/div>\n<p>[\/et_pb_text][\/et_pb_column][\/et_pb_row][\/et_pb_section]<\/p>\n","protected":false},"excerpt":{"rendered":"<p>Qui\u00e9nes somos Somos una empresa con una vasta experiencia, especializada en mediciones y elaboraciones mec\u00e1nicas en obra.MEC\u00c1NICA EN OBRA POR PASI\u00d3N.NUESTRA VISI\u00d3N Imaginamos un mundo en el que todos los que realizan trabajos de mantenimiento, reparaci\u00f3n y producci\u00f3n puedan optimizar sus prestaciones vali\u00e9ndose de nuestra ayuda y de nuestra asistencia NUESTRA MISI\u00d3N Ayudar a nuestros [&hellip;]<\/p>\n","protected":false},"author":2,"featured_media":0,"parent":0,"menu_order":0,"comment_status":"closed","ping_status":"closed","template":"","meta":{"_et_pb_use_builder":"on","_et_pb_old_content":"","_et_gb_content_width":"","footnotes":""},"class_list":["post-1343","page","type-page","status-publish","hentry"],"_links":{"self":[{"href":"https:\/\/www.alcap.net\/es\/wp-json\/wp\/v2\/pages\/1343","targetHints":{"allow":["GET"]}}],"collection":[{"href":"https:\/\/www.alcap.net\/es\/wp-json\/wp\/v2\/pages"}],"about":[{"href":"https:\/\/www.alcap.net\/es\/wp-json\/wp\/v2\/types\/page"}],"author":[{"embeddable":true,"href":"https:\/\/www.alcap.net\/es\/wp-json\/wp\/v2\/users\/2"}],"replies":[{"embeddable":true,"href":"https:\/\/www.alcap.net\/es\/wp-json\/wp\/v2\/comments?post=1343"}],"version-history":[{"count":4,"href":"https:\/\/www.alcap.net\/es\/wp-json\/wp\/v2\/pages\/1343\/revisions"}],"predecessor-version":[{"id":1513,"href":"https:\/\/www.alcap.net\/es\/wp-json\/wp\/v2\/pages\/1343\/revisions\/1513"}],"wp:attachment":[{"href":"https:\/\/www.alcap.net\/es\/wp-json\/wp\/v2\/media?parent=1343"}],"curies":[{"name":"wp","href":"https:\/\/api.w.org\/{rel}","templated":true}]}}