{"id":1413,"date":"2024-12-09T15:17:59","date_gmt":"2024-12-09T14:17:59","guid":{"rendered":"https:\/\/www.alcap.net\/taetigkeitsbereich\/"},"modified":"2025-01-25T17:12:38","modified_gmt":"2025-01-25T16:12:38","slug":"taetigkeitsbereich","status":"publish","type":"page","link":"https:\/\/www.alcap.net\/de\/taetigkeitsbereich\/","title":{"rendered":"T\u00e4tigkeitsbereich"},"content":{"rendered":"<p>[et_pb_section fb_built=&#8220;1&#8243; _builder_version=&#8220;4.27.4&#8243; _module_preset=&#8220;default&#8220; use_background_color_gradient=&#8220;on&#8220; background_color_gradient_direction=&#8220;170deg&#8220; background_color_gradient_stops=&#8220;#002e4f 1%|rgba(8,70,102,0.72) 100%&#8220; background_color_gradient_overlays_image=&#8220;on&#8220; background_image=&#8220;https:\/\/www.alcap.net\/wp-content\/uploads\/2024\/12\/Alcap-Fotohome-02-2024-scaled.jpg&#8220; custom_padding=&#8220;||1px|||&#8220; hover_enabled=&#8220;0&#8243; global_colors_info=&#8220;{}&#8220; background_color=&#8220;#084666&#8243; sticky_enabled=&#8220;0&#8243; title_text=&#8220;Alcap Fotohome 02 2024&#8243;][et_pb_row _builder_version=&#8220;4.27.4&#8243; _module_preset=&#8220;default&#8220; global_colors_info=&#8220;{}&#8220;][et_pb_column type=&#8220;4_4&#8243; _builder_version=&#8220;4.27.4&#8243; _module_preset=&#8220;default&#8220; global_colors_info=&#8220;{}&#8220;][et_pb_text _builder_version=&#8220;4.27.4&#8243; _module_preset=&#8220;default&#8220; header_font=&#8220;&#8211;et_global_heading_font|800|||||||&#8220; header_font_size=&#8220;60px&#8220; header_line_height=&#8220;1.3em&#8220; global_colors_info=&#8220;{}&#8220;]<\/p>\n<h1><span style=\"color: #ffffff;\"><strong>T\u00e4tigkeitsbereich<\/strong><\/span><\/h1>\n<p>[\/et_pb_text][\/et_pb_column][\/et_pb_row][et_pb_row column_structure=&#8220;2_5,3_5&#8243; _builder_version=&#8220;4.27.4&#8243; _module_preset=&#8220;default&#8220; global_colors_info=&#8220;{}&#8220;][et_pb_column type=&#8220;2_5&#8243; _builder_version=&#8220;4.27.4&#8243; _module_preset=&#8220;default&#8220; global_colors_info=&#8220;{}&#8220;][et_pb_gallery gallery_ids=&#8220;834,828,822,816&#8243; fullwidth=&#8220;on&#8220; _builder_version=&#8220;4.27.4&#8243; _module_preset=&#8220;default&#8220; auto=&#8220;on&#8220; auto_speed=&#8220;5000&#8243; global_colors_info=&#8220;{}&#8220;][\/et_pb_gallery][\/et_pb_column][et_pb_column type=&#8220;3_5&#8243; _builder_version=&#8220;4.27.4&#8243; _module_preset=&#8220;default&#8220; global_colors_info=&#8220;{}&#8220;][et_pb_text _builder_version=&#8220;4.27.4&#8243; _module_preset=&#8220;default&#8220; text_font=&#8220;&#8211;et_global_body_font||||||||&#8220; text_line_height=&#8220;2em&#8220; global_colors_info=&#8220;{}&#8220;]<\/p>\n<h2><span style=\"color: #ffffff;\"><strong>Fr\u00e4sen<\/strong><\/span><\/h2>\n<p><span style=\"color: #ffffff;\">Fr\u00e4sarbeiten werden bei der Vor-Ort-Bearbeitung von Turbinensockeln, gro\u00dfen Elektromotoren und Getrieben, an Pressen- oder Maschinentischen durchgef\u00fchrt.<\/span><\/p>\n<p><span style=\"color: #ffffff;\">Mit unserem umfassenden Bestand an manuellen und CNC-gesteuerten dreiachsigen Fr\u00e4smaschinen unterschiedlicher Gr\u00f6\u00dfe k\u00f6nnen wir in praktisch jedem Arbeitsbereich die gew\u00fcnschten Bearbeitungen einwandfrei durchf\u00fchren.<\/span><\/p>\n<p>[\/et_pb_text][\/et_pb_column][\/et_pb_row][et_pb_row column_structure=&#8220;2_5,3_5&#8243; _builder_version=&#8220;4.27.4&#8243; _module_preset=&#8220;default&#8220; global_colors_info=&#8220;{}&#8220;][et_pb_column type=&#8220;2_5&#8243; _builder_version=&#8220;4.27.4&#8243; _module_preset=&#8220;default&#8220; global_colors_info=&#8220;{}&#8220;][et_pb_gallery gallery_ids=&#8220;852,846,840&#8243; fullwidth=&#8220;on&#8220; _builder_version=&#8220;4.27.4&#8243; _module_preset=&#8220;default&#8220; auto=&#8220;on&#8220; auto_speed=&#8220;5000&#8243; global_colors_info=&#8220;{}&#8220;][\/et_pb_gallery][\/et_pb_column][et_pb_column type=&#8220;3_5&#8243; _builder_version=&#8220;4.27.4&#8243; _module_preset=&#8220;default&#8220; global_colors_info=&#8220;{}&#8220;][et_pb_text _builder_version=&#8220;4.27.4&#8243; _module_preset=&#8220;default&#8220; text_font=&#8220;&#8211;et_global_body_font||||||||&#8220; text_line_height=&#8220;2em&#8220; global_colors_info=&#8220;{}&#8220;]<\/p>\n<h2><span style=\"color: #ffffff;\"><strong>Linienbohrarbeiten<\/strong><\/span><\/h2>\n<p><span style=\"color: #ffffff;\">Das Linienbohren dient der Herstellung von Stiftsitzen, mechanischen Lagern und Buchsen. Die Einsatzgebiete reichen von Baumaschinen, Zivil- und Industriebauten, Motorenzylindern bis hin zu Kniehebeln f\u00fcr Industriemaschinen und anderen Anwendungen.<\/span><\/p>\n<p><span style=\"color: #ffffff;\">Mit diesen Maschinen und dem entsprechenden Zubeh\u00f6r k\u00f6nnen Sie auch Auftragsschwei\u00dfarbeiten mit automatischen Dreh- und Achsbewegungen des Schwei\u00dfger\u00e4ts durchf\u00fchren. Auf diese Weise wird das Schwei\u00dfgut gleichf\u00f6rmig aufgetragen. Dar\u00fcber hinaus ist es m\u00f6glich, Schwei\u00dfarbeiten innerhalb kleiner und ansonsten unzug\u00e4nglicher Durchmesser durchzuf\u00fchren.<\/span><\/p>\n<p>[\/et_pb_text][\/et_pb_column][\/et_pb_row][et_pb_row column_structure=&#8220;2_5,3_5&#8243; _builder_version=&#8220;4.27.4&#8243; _module_preset=&#8220;default&#8220; global_colors_info=&#8220;{}&#8220;][et_pb_column type=&#8220;2_5&#8243; _builder_version=&#8220;4.27.4&#8243; _module_preset=&#8220;default&#8220; global_colors_info=&#8220;{}&#8220;][et_pb_gallery gallery_ids=&#8220;871,865,859&#8243; fullwidth=&#8220;on&#8220; _builder_version=&#8220;4.27.4&#8243; _module_preset=&#8220;default&#8220; auto=&#8220;on&#8220; auto_speed=&#8220;5000&#8243; global_colors_info=&#8220;{}&#8220;][\/et_pb_gallery][\/et_pb_column][et_pb_column type=&#8220;3_5&#8243; _builder_version=&#8220;4.27.4&#8243; _module_preset=&#8220;default&#8220; global_colors_info=&#8220;{}&#8220;][et_pb_text _builder_version=&#8220;4.27.4&#8243; _module_preset=&#8220;default&#8220; text_font=&#8220;&#8211;et_global_body_font||||||||&#8220; text_line_height=&#8220;2em&#8220; global_colors_info=&#8220;{}&#8220;]<\/p>\n<h2><span style=\"color: #ffffff;\"><strong>Bohren und Gewindeschneiden<\/strong><\/span><\/h2>\n<p><span style=\"color: #ffffff;\">Durch den Einsatz von leistungsstarken, hydraulisch oder elektrisch betriebenen Drillbohr- und Gewindeschneidmaschinen werden mithilfe von Einsatzbohrern L\u00f6cher, auch mit gro\u00dfen Durchmessern, in Stahl oder Stahllegierungen gebohrt. Es sind keine Vorbohrungen n\u00f6tig und Innengewinde k\u00f6nnen direkt in das Loch geschnitten werden. Mithilfe von Magnetbohrern, Zusatzhalterungen und Spezialwerkzeugen k\u00f6nnen kalibrierte Bohrungen bis 50 mm Durchmesser durchgef\u00fchrt und Gewinde bis M46 geschnitten werden. Bei gro\u00dfen Durchmessern wird zus\u00e4tzlich ein Bohrwerk eingesetzt. <\/span><\/p>\n<p><span style=\"color: #ffffff;\">Mit unseren manuellen oder CNC-gesteuerten dreiachsigen Fr\u00e4smaschinen k\u00f6nnen wir auch L\u00f6cher und Innengewinde bohren.<\/span><\/p>\n<p>[\/et_pb_text][\/et_pb_column][\/et_pb_row][et_pb_row column_structure=&#8220;2_5,3_5&#8243; _builder_version=&#8220;4.27.4&#8243; _module_preset=&#8220;default&#8220; global_colors_info=&#8220;{}&#8220;][et_pb_column type=&#8220;2_5&#8243; _builder_version=&#8220;4.27.4&#8243; _module_preset=&#8220;default&#8220; global_colors_info=&#8220;{}&#8220;][et_pb_gallery gallery_ids=&#8220;889,883,877&#8243; fullwidth=&#8220;on&#8220; _builder_version=&#8220;4.27.4&#8243; _module_preset=&#8220;default&#8220; auto=&#8220;on&#8220; auto_speed=&#8220;5000&#8243; global_colors_info=&#8220;{}&#8220;][\/et_pb_gallery][\/et_pb_column][et_pb_column type=&#8220;3_5&#8243; _builder_version=&#8220;4.27.4&#8243; _module_preset=&#8220;default&#8220; global_colors_info=&#8220;{}&#8220;][et_pb_text _builder_version=&#8220;4.27.4&#8243; _module_preset=&#8220;default&#8220; text_font=&#8220;&#8211;et_global_body_font||||||||&#8220; text_line_height=&#8220;2em&#8220; custom_padding=&#8220;0px|||||&#8220; global_colors_info=&#8220;{}&#8220;]<\/p>\n<h2><span style=\"color: #ffffff;\"><strong>Flanschabflachung und Rundfr\u00e4sen<\/strong><\/span><\/h2>\n<p><span style=\"color: #ffffff;\">Flanschabflachung und Rundfr\u00e4sen. Rundfr\u00e4sen wird zum Abflachen, Einnuten und f\u00fcr die Oberfl\u00e4chenbearbeitung eingesetzt.<\/span><\/p>\n<p>[\/et_pb_text][\/et_pb_column][\/et_pb_row][et_pb_row column_structure=&#8220;2_5,3_5&#8243; _builder_version=&#8220;4.27.4&#8243; _module_preset=&#8220;default&#8220; global_colors_info=&#8220;{}&#8220;][et_pb_column type=&#8220;2_5&#8243; _builder_version=&#8220;4.27.4&#8243; _module_preset=&#8220;default&#8220; global_colors_info=&#8220;{}&#8220;][et_pb_gallery gallery_ids=&#8220;901,895&#8243; fullwidth=&#8220;on&#8220; _builder_version=&#8220;4.27.4&#8243; _module_preset=&#8220;default&#8220; auto=&#8220;on&#8220; auto_speed=&#8220;5000&#8243; global_colors_info=&#8220;{}&#8220;][\/et_pb_gallery][\/et_pb_column][et_pb_column type=&#8220;3_5&#8243; _builder_version=&#8220;4.27.4&#8243; _module_preset=&#8220;default&#8220; global_colors_info=&#8220;{}&#8220;][et_pb_text _builder_version=&#8220;4.27.4&#8243; _module_preset=&#8220;default&#8220; text_font=&#8220;&#8211;et_global_body_font||||||||&#8220; text_line_height=&#8220;2em&#8220; custom_padding=&#8220;0px|||||&#8220; global_colors_info=&#8220;{}&#8220;]<\/p>\n<h2><span style=\"color: #ffffff;\">Drehb\u00e4nke<\/span><\/h2>\n<p><span style=\"color: #ffffff;\">Mit Drehb\u00e4nken wird der Au\u00dfendurchmesser von Stiften oder Wellen gedreht.<br \/>\n<\/span><\/p>\n<ul>\n<li><span style=\"color: #ffffff;\">Gro\u00dfe Motoren und Stromgeneratoren<\/span><\/li>\n<li><span style=\"color: #ffffff;\">Wellen von Schleif- oder Fr\u00e4smaschinen<\/span><\/li>\n<\/ul>\n<p>[\/et_pb_text][\/et_pb_column][\/et_pb_row][et_pb_row column_structure=&#8220;2_5,3_5&#8243; _builder_version=&#8220;4.27.4&#8243; _module_preset=&#8220;default&#8220; global_colors_info=&#8220;{}&#8220;][et_pb_column type=&#8220;2_5&#8243; _builder_version=&#8220;4.27.4&#8243; _module_preset=&#8220;default&#8220; global_colors_info=&#8220;{}&#8220;][et_pb_gallery gallery_ids=&#8220;919,913,907&#8243; fullwidth=&#8220;on&#8220; _builder_version=&#8220;4.27.4&#8243; _module_preset=&#8220;default&#8220; auto=&#8220;on&#8220; auto_speed=&#8220;5000&#8243; global_colors_info=&#8220;{}&#8220;][\/et_pb_gallery][\/et_pb_column][et_pb_column type=&#8220;3_5&#8243; _builder_version=&#8220;4.27.4&#8243; _module_preset=&#8220;default&#8220; global_colors_info=&#8220;{}&#8220;][et_pb_text _builder_version=&#8220;4.27.4&#8243; _module_preset=&#8220;default&#8220; text_font=&#8220;&#8211;et_global_body_font||||||||&#8220; text_line_height=&#8220;2em&#8220; global_colors_info=&#8220;{}&#8220;]<\/p>\n<h2><span style=\"color: #ffffff;\"><strong>Zerspanen<\/strong><\/span><\/h2>\n<p><span style=\"color: #ffffff;\">Beim Zerspanen werden mithilfe von S\u00e4gebl\u00e4ttern oder Diamantdr\u00e4hten gro\u00dfe Metallstrukturen, Stifte oder Tanks geschnitten.<\/span><\/p>\n<p><span style=\"color: #ffffff;\">Wir f\u00fchren auch Unterwasserschnitte und die Segmentierung von \u201ehei\u00dfen Komponenten\u201c (Kernkraftwerke) durch.<\/span><\/p>\n<p>[\/et_pb_text][\/et_pb_column][\/et_pb_row][et_pb_row column_structure=&#8220;2_5,3_5&#8243; _builder_version=&#8220;4.27.4&#8243; _module_preset=&#8220;default&#8220; global_colors_info=&#8220;{}&#8220;][et_pb_column type=&#8220;2_5&#8243; _builder_version=&#8220;4.27.4&#8243; _module_preset=&#8220;default&#8220; global_colors_info=&#8220;{}&#8220;][et_pb_gallery gallery_ids=&#8220;943,937,931,925&#8243; fullwidth=&#8220;on&#8220; _builder_version=&#8220;4.27.4&#8243; _module_preset=&#8220;default&#8220; auto=&#8220;on&#8220; auto_speed=&#8220;5000&#8243; global_colors_info=&#8220;{}&#8220;][\/et_pb_gallery][\/et_pb_column][et_pb_column type=&#8220;3_5&#8243; _builder_version=&#8220;4.27.4&#8243; _module_preset=&#8220;default&#8220; global_colors_info=&#8220;{}&#8220;][et_pb_text _builder_version=&#8220;4.27.4&#8243; _module_preset=&#8220;default&#8220; text_font=&#8220;&#8211;et_global_body_font||||||||&#8220; text_line_height=&#8220;2em&#8220; global_colors_info=&#8220;{}&#8220;]<\/p>\n<h2><span style=\"color: #ffffff;\"><strong>Schwei\u00dfarbeiten<\/strong><\/span><\/h2>\n<p><span style=\"color: #ffffff;\">Wir bieten verschiedene Schwei\u00dfverfahren, z.B. WIG, MIG\/MAG, Plasma oder mit beschichteten Elektroden an, die sich f\u00fcr viele Anwendungen eignen.<\/span><br \/><span style=\"color: #ffffff;\">Anwendungsbeispiele:<\/span><br \/><span style=\"color: #ffffff;\">Automatisches Auftragsschwei\u00dfen (innen und au\u00dfen)<\/span><br \/><span style=\"color: #ffffff;\">Metallbau<\/span><br \/><span style=\"color: #ffffff;\">Auftragsschwei\u00dfen<\/span><br \/><span style=\"color: #ffffff;\">Reparaturen<\/span><br \/><span style=\"color: #ffffff;\">Wir f\u00fchren auch die Beschichtung von Pressentischen durch<\/span><\/p>\n<p>[\/et_pb_text][\/et_pb_column][\/et_pb_row][et_pb_row column_structure=&#8220;2_5,3_5&#8243; _builder_version=&#8220;4.27.4&#8243; _module_preset=&#8220;default&#8220; global_colors_info=&#8220;{}&#8220;][et_pb_column type=&#8220;2_5&#8243; _builder_version=&#8220;4.27.4&#8243; _module_preset=&#8220;default&#8220; global_colors_info=&#8220;{}&#8220;][et_pb_gallery gallery_ids=&#8220;955,949&#8243; fullwidth=&#8220;on&#8220; _builder_version=&#8220;4.27.4&#8243; _module_preset=&#8220;default&#8220; auto=&#8220;on&#8220; auto_speed=&#8220;5000&#8243; global_colors_info=&#8220;{}&#8220;][\/et_pb_gallery][\/et_pb_column][et_pb_column type=&#8220;3_5&#8243; _builder_version=&#8220;4.27.4&#8243; _module_preset=&#8220;default&#8220; global_colors_info=&#8220;{}&#8220;][et_pb_text _builder_version=&#8220;4.27.4&#8243; _module_preset=&#8220;default&#8220; text_font=&#8220;&#8211;et_global_body_font||||||||&#8220; text_line_height=&#8220;2em&#8220; global_colors_info=&#8220;{}&#8220;]<\/p>\n<h2><span style=\"color: #ffffff;\"><strong>Kopplung<\/strong><\/span><\/h2>\n<p><span style=\"color: #ffffff;\">Kopplung von Metallelementen mit fl\u00fcssigem Stickstoff<\/span><\/p>\n<p><span style=\"color: #ffffff;\">Die Kopplung ist das von Maschinenbauern am h\u00e4ufigsten verwendete Verfahren, um zwei Bauteile miteinander zu verbinden. Dabei wird ein Nippel, meist ein Zylinderstab, ganz oder teilweise in eine Muffe mit derselben Form, aber etwas geringeren Abmessungen eingef\u00fchrt. Dieser Gr\u00f6\u00dfenunterschied, auch Verpressung genannt, wird vom Hersteller unter Ber\u00fccksichtigung der gew\u00fcnschten Spannung und mechanischen Festigkeit berechnet.<\/span><br \/><span style=\"color: #ffffff;\">Wir verf\u00fcgen \u00fcber die notwendigen Kenntnisse und Ger\u00e4te, um diese Bearbeitungen auszuf\u00fchren. <\/span><\/p>\n<p>[\/et_pb_text][\/et_pb_column][\/et_pb_row][et_pb_row column_structure=&#8220;2_5,3_5&#8243; _builder_version=&#8220;4.27.4&#8243; _module_preset=&#8220;default&#8220; global_colors_info=&#8220;{}&#8220;][et_pb_column type=&#8220;2_5&#8243; _builder_version=&#8220;4.27.4&#8243; _module_preset=&#8220;default&#8220; global_colors_info=&#8220;{}&#8220;][et_pb_gallery gallery_ids=&#8220;974,968,962&#8243; fullwidth=&#8220;on&#8220; _builder_version=&#8220;4.27.4&#8243; _module_preset=&#8220;default&#8220; auto=&#8220;on&#8220; auto_speed=&#8220;5000&#8243; global_colors_info=&#8220;{}&#8220;][\/et_pb_gallery][\/et_pb_column][et_pb_column type=&#8220;3_5&#8243; _builder_version=&#8220;4.27.4&#8243; _module_preset=&#8220;default&#8220; global_colors_info=&#8220;{}&#8220;][et_pb_text _builder_version=&#8220;4.27.4&#8243; _module_preset=&#8220;default&#8220; text_font=&#8220;&#8211;et_global_body_font||||||||&#8220; text_line_height=&#8220;2em&#8220; global_colors_info=&#8220;{}&#8220;]<\/p>\n<h2><span style=\"color: #ffffff;\"><strong>Messsysteme<\/strong><\/span><\/h2>\n<p><span style=\"color: #ffffff;\">Wir f\u00fchren zahlreiche mechanische Vor-Ort-Messungen durch.<\/span><\/p>\n<p><span style=\"color: #ffffff;\">\u00a0<\/span><\/p>\n<ul>\n<li><span style=\"color: #ffffff;\">Laser-Ausrichtsystem<\/span><\/li>\n<li><span style=\"color: #ffffff;\">Parallelit\u00e4ts- und Dehnungspr\u00fcfung von Maschinens\u00e4ulen (St\u00e4ndern) mit einem Dehnungsmessstreifen<\/span><\/li>\n<li><span style=\"color: #ffffff;\">Zerst\u00f6rungsfreie Ultraschallpr\u00fcfung von Werkstoffen<\/span><\/li>\n<li><span style=\"color: #ffffff;\">Gr\u00f6\u00dfenmessung mit dem FARO Schwenkmessarm (3D CAD)<\/span><\/li>\n<li><span style=\"color: #ffffff;\">Thermografie mit einer W\u00e4rmebildkamera<\/span><\/li>\n<li><span style=\"color: #ffffff;\">H\u00e4rtepr\u00fcfung mit Mitutoyo-Instrumenten<\/span><\/li>\n<\/ul>\n<p>[\/et_pb_text][\/et_pb_column][\/et_pb_row][et_pb_row column_structure=&#8220;2_5,3_5&#8243; _builder_version=&#8220;4.27.4&#8243; _module_preset=&#8220;default&#8220; global_colors_info=&#8220;{}&#8220;][et_pb_column type=&#8220;2_5&#8243; _builder_version=&#8220;4.27.4&#8243; _module_preset=&#8220;default&#8220; global_colors_info=&#8220;{}&#8220;][et_pb_gallery gallery_ids=&#8220;797,803,809&#8243; fullwidth=&#8220;on&#8220; _builder_version=&#8220;4.27.4&#8243; _module_preset=&#8220;default&#8220; auto=&#8220;on&#8220; auto_speed=&#8220;5000&#8243; global_colors_info=&#8220;{}&#8220;][\/et_pb_gallery][\/et_pb_column][et_pb_column type=&#8220;3_5&#8243; _builder_version=&#8220;4.27.4&#8243; _module_preset=&#8220;default&#8220; global_colors_info=&#8220;{}&#8220;][et_pb_text _builder_version=&#8220;4.27.4&#8243; _module_preset=&#8220;default&#8220; text_font=&#8220;&#8211;et_global_body_font||||||||&#8220; text_line_height=&#8220;2em&#8220; global_colors_info=&#8220;{}&#8220;]<\/p>\n<h2><span style=\"color: #ffffff;\"><strong>Vor-Ort-Ausr\u00fcstung von Maschinen<\/strong><\/span><\/h2>\n<p><span style=\"color: #ffffff;\">Arbeiten vor Ort erfordern oft Spezialwerkzeuge oder -maschinen.<\/span><br \/><span style=\"color: #ffffff;\">Wir bieten zahlreiche von uns hergestellte und zugelassene Maschinen.<\/span><br \/><span style=\"color: #ffffff;\">Zudem entwickeln und bauen wir auf Kundenwunsch Maschinen f\u00fcr spezifische Vor-Ort-Verfahren.<\/span><\/p>\n<p>[\/et_pb_text][\/et_pb_column][\/et_pb_row][\/et_pb_section]<\/p>\n","protected":false},"excerpt":{"rendered":"<p>T\u00e4tigkeitsbereichFr\u00e4sen Fr\u00e4sarbeiten werden bei der Vor-Ort-Bearbeitung von Turbinensockeln, gro\u00dfen Elektromotoren und Getrieben, an Pressen- oder Maschinentischen durchgef\u00fchrt. Mit unserem umfassenden Bestand an manuellen und CNC-gesteuerten dreiachsigen Fr\u00e4smaschinen unterschiedlicher Gr\u00f6\u00dfe k\u00f6nnen wir in praktisch jedem Arbeitsbereich die gew\u00fcnschten Bearbeitungen einwandfrei durchf\u00fchren.Linienbohrarbeiten Das Linienbohren dient der Herstellung von Stiftsitzen, mechanischen Lagern und Buchsen. Die Einsatzgebiete reichen von [&hellip;]<\/p>\n","protected":false},"author":2,"featured_media":0,"parent":0,"menu_order":0,"comment_status":"closed","ping_status":"closed","template":"","meta":{"_et_pb_use_builder":"on","_et_pb_old_content":"","_et_gb_content_width":"","footnotes":""},"class_list":["post-1413","page","type-page","status-publish","hentry"],"_links":{"self":[{"href":"https:\/\/www.alcap.net\/de\/wp-json\/wp\/v2\/pages\/1413","targetHints":{"allow":["GET"]}}],"collection":[{"href":"https:\/\/www.alcap.net\/de\/wp-json\/wp\/v2\/pages"}],"about":[{"href":"https:\/\/www.alcap.net\/de\/wp-json\/wp\/v2\/types\/page"}],"author":[{"embeddable":true,"href":"https:\/\/www.alcap.net\/de\/wp-json\/wp\/v2\/users\/2"}],"replies":[{"embeddable":true,"href":"https:\/\/www.alcap.net\/de\/wp-json\/wp\/v2\/comments?post=1413"}],"version-history":[{"count":2,"href":"https:\/\/www.alcap.net\/de\/wp-json\/wp\/v2\/pages\/1413\/revisions"}],"predecessor-version":[{"id":1415,"href":"https:\/\/www.alcap.net\/de\/wp-json\/wp\/v2\/pages\/1413\/revisions\/1415"}],"wp:attachment":[{"href":"https:\/\/www.alcap.net\/de\/wp-json\/wp\/v2\/media?parent=1413"}],"curies":[{"name":"wp","href":"https:\/\/api.w.org\/{rel}","templated":true}]}}