{"id":1392,"date":"2024-12-09T15:45:34","date_gmt":"2024-12-09T14:45:34","guid":{"rendered":"https:\/\/www.alcap.net\/case-history\/"},"modified":"2025-01-25T12:45:06","modified_gmt":"2025-01-25T11:45:06","slug":"case-history","status":"publish","type":"page","link":"https:\/\/www.alcap.net\/de\/case-history\/","title":{"rendered":"Case History"},"content":{"rendered":"<p>[et_pb_section fb_built=&#8220;1&#8243; _builder_version=&#8220;4.27.4&#8243; _module_preset=&#8220;default&#8220; background_color=&#8220;#084666&#8243; use_background_color_gradient=&#8220;on&#8220; background_color_gradient_direction=&#8220;170deg&#8220; background_color_gradient_stops=&#8220;#002e4f 1%|rgba(0,46,79,0.62) 100%&#8220; background_color_gradient_overlays_image=&#8220;on&#8220; background_image=&#8220;https:\/\/www.alcap.net\/wp-content\/uploads\/2024\/12\/Alcap-Fotohome-02-2024-scaled.jpg&#8220; global_colors_info=&#8220;{}&#8220;][et_pb_row _builder_version=&#8220;4.27.4&#8243; _module_preset=&#8220;default&#8220; global_colors_info=&#8220;{}&#8220;][et_pb_column type=&#8220;4_4&#8243; _builder_version=&#8220;4.27.4&#8243; _module_preset=&#8220;default&#8220; global_colors_info=&#8220;{}&#8220;][et_pb_text _builder_version=&#8220;4.27.4&#8243; _module_preset=&#8220;default&#8220; text_font=&#8220;&#8211;et_global_body_font|&#8211;et_global_body_font_weight|||||||&#8220; header_font=&#8220;&#8211;et_global_heading_font|800|||||||&#8220; header_font_size=&#8220;60px&#8220; header_line_height=&#8220;1.3em&#8220; global_colors_info=&#8220;{}&#8220;]<\/p>\n<h1><span style=\"color: #ffffff;\"><strong>Case History<\/strong><\/span><\/h1>\n<p>[\/et_pb_text][\/et_pb_column][\/et_pb_row][et_pb_row column_structure=&#8220;1_2,1_2&#8243; _builder_version=&#8220;4.27.4&#8243; _module_preset=&#8220;default&#8220; module_alignment=&#8220;center&#8220; global_colors_info=&#8220;{}&#8220;][et_pb_column type=&#8220;1_2&#8243; _builder_version=&#8220;4.27.4&#8243; _module_preset=&#8220;default&#8220; global_colors_info=&#8220;{}&#8220;][et_pb_text _builder_version=&#8220;4.27.4&#8243; _module_preset=&#8220;default&#8220; global_colors_info=&#8220;{}&#8220;]<\/p>\n<h2 style=\"text-align: center;\"><span style=\"color: #ffffff;\">Bohrarbeiten<\/span><\/h2>\n<p>[\/et_pb_text][et_pb_image src=&#8220;https:\/\/www.alcap.net\/wp-content\/uploads\/2024\/12\/Alesatura.jpg&#8220; url=&#8220;https:\/\/www.alcap.net\/de\/bohrarbeiten\/&#8220; url_new_window=&#8220;on&#8220; align=&#8220;center&#8220; _builder_version=&#8220;4.27.4&#8243; _module_preset=&#8220;default&#8220; border_color_all=&#8220;RGBA(255,255,255,0)&#8220; box_shadow_style=&#8220;preset2&#8243; global_colors_info=&#8220;{}&#8220;][\/et_pb_image][et_pb_button button_url=&#8220;\/de\/case-history\/bohrarbeiten\/&#8220; url_new_window=&#8220;on&#8220; button_text=&#8220;Mehr lesen&#8220; button_alignment=&#8220;center&#8220; _builder_version=&#8220;4.27.4&#8243; _module_preset=&#8220;default&#8220; custom_button=&#8220;on&#8220; button_text_color=&#8220;#FFFFFF&#8220; button_bg_color=&#8220;#4E7C97&#8243; button_icon=&#8220;&#x3d;||divi||400&#8243; button_on_hover=&#8220;off&#8220; hover_enabled=&#8220;0&#8243; global_colors_info=&#8220;{}&#8220; sticky_enabled=&#8220;0&#8243;][\/et_pb_button][\/et_pb_column][et_pb_column type=&#8220;1_2&#8243; _builder_version=&#8220;4.27.4&#8243; _module_preset=&#8220;default&#8220; global_colors_info=&#8220;{}&#8220;][et_pb_text _builder_version=&#8220;4.27.4&#8243; _module_preset=&#8220;default&#8220; global_colors_info=&#8220;{}&#8220;]<\/p>\n<h2 style=\"text-align: center;\"><span style=\"color: #ffffff;\">Bohrarbeiten &#8211; Dango<\/span><\/h2>\n<p>[\/et_pb_text][et_pb_image src=&#8220;https:\/\/www.alcap.net\/wp-content\/uploads\/2024\/12\/Alesatura-dango.jpg&#8220; url=&#8220;https:\/\/www.alcap.net\/de\/bohrarbeiten-dango\/&#8220; url_new_window=&#8220;on&#8220; align=&#8220;center&#8220; _builder_version=&#8220;4.27.4&#8243; _module_preset=&#8220;default&#8220; border_color_all=&#8220;RGBA(255,255,255,0)&#8220; box_shadow_style=&#8220;preset2&#8243; global_colors_info=&#8220;{}&#8220;][\/et_pb_image][et_pb_button button_url=&#8220;\/de\/case-history\/bohrarbeiten-dango\/&#8220; url_new_window=&#8220;on&#8220; button_text=&#8220;Mehr lesen&#8220; button_alignment=&#8220;center&#8220; _builder_version=&#8220;4.27.4&#8243; _module_preset=&#8220;default&#8220; custom_button=&#8220;on&#8220; button_text_color=&#8220;#FFFFFF&#8220; button_bg_color=&#8220;#4E7C97&#8243; button_icon=&#8220;&#x3d;||divi||400&#8243; button_on_hover=&#8220;off&#8220; hover_enabled=&#8220;0&#8243; global_colors_info=&#8220;{}&#8220; sticky_enabled=&#8220;0&#8243;][\/et_pb_button][\/et_pb_column][\/et_pb_row][et_pb_row column_structure=&#8220;1_2,1_2&#8243; use_custom_gutter=&#8220;on&#8220; make_equal=&#8220;on&#8220; _builder_version=&#8220;4.27.4&#8243; _module_preset=&#8220;default&#8220; module_alignment=&#8220;center&#8220; global_colors_info=&#8220;{}&#8220;][et_pb_column type=&#8220;1_2&#8243; _builder_version=&#8220;4.27.4&#8243; _module_preset=&#8220;default&#8220; global_colors_info=&#8220;{}&#8220;][et_pb_text _builder_version=&#8220;4.27.4&#8243; _module_preset=&#8220;default&#8220; global_colors_info=&#8220;{}&#8220;]<\/p>\n<h2 style=\"text-align: center;\"><span style=\"color: #ffffff;\">Bohrarbeiten &#8211; Schraubenpresse<\/span><\/h2>\n<p>[\/et_pb_text][et_pb_image src=&#8220;https:\/\/www.alcap.net\/wp-content\/uploads\/2024\/12\/Alesatura-stampatrice-bulloneria.jpg&#8220; url=&#8220;https:\/\/www.alcap.net\/de\/bohrarbeiten-schraubenpresse\/&#8220; url_new_window=&#8220;on&#8220; align=&#8220;center&#8220; _builder_version=&#8220;4.27.4&#8243; _module_preset=&#8220;default&#8220; border_color_all=&#8220;RGBA(255,255,255,0)&#8220; box_shadow_style=&#8220;preset2&#8243; global_colors_info=&#8220;{}&#8220;][\/et_pb_image][et_pb_button button_url=&#8220;\/de\/case-history\/bohrarbeiten-schraubenpresse\/&#8220; url_new_window=&#8220;on&#8220; button_text=&#8220;Mehr lesen&#8220; button_alignment=&#8220;center&#8220; _builder_version=&#8220;4.27.4&#8243; _module_preset=&#8220;default&#8220; custom_button=&#8220;on&#8220; button_text_color=&#8220;#FFFFFF&#8220; button_bg_color=&#8220;#4E7C97&#8243; button_icon=&#8220;&#x3d;||divi||400&#8243; button_on_hover=&#8220;off&#8220; hover_enabled=&#8220;0&#8243; global_colors_info=&#8220;{}&#8220; sticky_enabled=&#8220;0&#8243;][\/et_pb_button][\/et_pb_column][et_pb_column type=&#8220;1_2&#8243; _builder_version=&#8220;4.27.4&#8243; _module_preset=&#8220;default&#8220; global_colors_info=&#8220;{}&#8220;][et_pb_text _builder_version=&#8220;4.27.4&#8243; _module_preset=&#8220;default&#8220; module_alignment=&#8220;center&#8220; global_colors_info=&#8220;{}&#8220;]<\/p>\n<h2 style=\"text-align: center;\"><span style=\"color: #ffffff;\">Fr\u00e4sen &#8211; Tische<\/span><\/h2>\n<p>[\/et_pb_text][et_pb_image src=&#8220;https:\/\/www.alcap.net\/wp-content\/uploads\/2024\/12\/Fresatura-piani.jpg&#8220; url=&#8220;https:\/\/www.alcap.net\/de\/fraesen-tische\/&#8220; url_new_window=&#8220;on&#8220; align=&#8220;center&#8220; _builder_version=&#8220;4.27.4&#8243; _module_preset=&#8220;default&#8220; border_color_all=&#8220;RGBA(255,255,255,0)&#8220; box_shadow_style=&#8220;preset2&#8243; global_colors_info=&#8220;{}&#8220;][\/et_pb_image][et_pb_button button_url=&#8220;\/de\/case-history\/fraesen-tische\/&#8220; url_new_window=&#8220;on&#8220; button_text=&#8220;Mehr lesen&#8220; button_alignment=&#8220;center&#8220; _builder_version=&#8220;4.27.4&#8243; _module_preset=&#8220;default&#8220; custom_button=&#8220;on&#8220; button_text_color=&#8220;#FFFFFF&#8220; button_bg_color=&#8220;#4E7C97&#8243; button_icon=&#8220;&#x3d;||divi||400&#8243; button_on_hover=&#8220;off&#8220; hover_enabled=&#8220;0&#8243; global_colors_info=&#8220;{}&#8220; sticky_enabled=&#8220;0&#8243;][\/et_pb_button][\/et_pb_column][\/et_pb_row][et_pb_row column_structure=&#8220;1_2,1_2&#8243; use_custom_gutter=&#8220;on&#8220; make_equal=&#8220;on&#8220; _builder_version=&#8220;4.27.4&#8243; _module_preset=&#8220;default&#8220; module_alignment=&#8220;center&#8220; global_colors_info=&#8220;{}&#8220;][et_pb_column type=&#8220;1_2&#8243; _builder_version=&#8220;4.27.4&#8243; _module_preset=&#8220;default&#8220; global_colors_info=&#8220;{}&#8220;][et_pb_text _builder_version=&#8220;4.27.4&#8243; _module_preset=&#8220;default&#8220; global_colors_info=&#8220;{}&#8220;]<\/p>\n<h2 style=\"text-align: center;\"><span style=\"color: #ffffff;\">Fr\u00e4sen &#8211; Schmiedemaschine<\/span><\/h2>\n<p>[\/et_pb_text][et_pb_image src=&#8220;https:\/\/www.alcap.net\/wp-content\/uploads\/2024\/12\/Fresatura-forgiatrice.jpg&#8220; url=&#8220;https:\/\/www.alcap.net\/de\/fraesen-schmiedemaschine\/&#8220; url_new_window=&#8220;on&#8220; align=&#8220;center&#8220; _builder_version=&#8220;4.27.4&#8243; _module_preset=&#8220;default&#8220; border_color_all=&#8220;RGBA(255,255,255,0)&#8220; box_shadow_style=&#8220;preset2&#8243; global_colors_info=&#8220;{}&#8220;][\/et_pb_image][et_pb_button button_url=&#8220;\/de\/case-history\/fraesen-schmiedemaschine\/&#8220; url_new_window=&#8220;on&#8220; button_text=&#8220;Mehr lesen&#8220; button_alignment=&#8220;center&#8220; _builder_version=&#8220;4.27.4&#8243; _module_preset=&#8220;default&#8220; custom_button=&#8220;on&#8220; button_text_color=&#8220;#FFFFFF&#8220; button_bg_color=&#8220;#4E7C97&#8243; button_icon=&#8220;&#x3d;||divi||400&#8243; button_on_hover=&#8220;off&#8220; hover_enabled=&#8220;0&#8243; global_colors_info=&#8220;{}&#8220; sticky_enabled=&#8220;0&#8243;][\/et_pb_button][\/et_pb_column][et_pb_column type=&#8220;1_2&#8243; _builder_version=&#8220;4.27.4&#8243; _module_preset=&#8220;default&#8220; global_colors_info=&#8220;{}&#8220;][et_pb_text _builder_version=&#8220;4.27.4&#8243; _module_preset=&#8220;default&#8220; module_alignment=&#8220;center&#8220; global_colors_info=&#8220;{}&#8220;]<\/p>\n<div class=\"colonna_ref_2\">\n<h2 style=\"text-align: center;\"><span style=\"color: #ffffff;\">Schwei\u00dfen<\/span><\/h2>\n<\/div>\n<p>[\/et_pb_text][et_pb_image src=&#8220;https:\/\/www.alcap.net\/wp-content\/uploads\/2024\/12\/Saldatura.jpg&#8220; url=&#8220;https:\/\/www.alcap.net\/it\/welding-2\/&#8220; url_new_window=&#8220;on&#8220; align=&#8220;center&#8220; _builder_version=&#8220;4.27.4&#8243; _module_preset=&#8220;default&#8220; border_color_all=&#8220;RGBA(255,255,255,0)&#8220; box_shadow_style=&#8220;preset2&#8243; global_colors_info=&#8220;{}&#8220;][\/et_pb_image][et_pb_button button_url=&#8220;\/de\/case-history\/schweissen\/&#8220; url_new_window=&#8220;on&#8220; button_text=&#8220;Mehr lesen&#8220; button_alignment=&#8220;center&#8220; _builder_version=&#8220;4.27.4&#8243; _module_preset=&#8220;default&#8220; custom_button=&#8220;on&#8220; button_text_color=&#8220;#FFFFFF&#8220; button_bg_color=&#8220;#4E7C97&#8243; button_icon=&#8220;&#x3d;||divi||400&#8243; button_on_hover=&#8220;off&#8220; hover_enabled=&#8220;0&#8243; global_colors_info=&#8220;{}&#8220; sticky_enabled=&#8220;0&#8243;][\/et_pb_button][\/et_pb_column][\/et_pb_row][et_pb_row column_structure=&#8220;1_2,1_2&#8243; use_custom_gutter=&#8220;on&#8220; make_equal=&#8220;on&#8220; _builder_version=&#8220;4.27.4&#8243; _module_preset=&#8220;default&#8220; module_alignment=&#8220;center&#8220; global_colors_info=&#8220;{}&#8220;][et_pb_column type=&#8220;1_2&#8243; _builder_version=&#8220;4.27.4&#8243; _module_preset=&#8220;default&#8220; global_colors_info=&#8220;{}&#8220;][et_pb_text _builder_version=&#8220;4.27.4&#8243; _module_preset=&#8220;default&#8220; global_colors_info=&#8220;{}&#8220;]<\/p>\n<h2 style=\"text-align: center;\"><span style=\"color: #ffffff;\">National 1000<\/span><\/h2>\n<p>[\/et_pb_text][et_pb_image src=&#8220;https:\/\/www.alcap.net\/wp-content\/uploads\/2024\/12\/National-1000-lavorazione-in-opera.jpg&#8220; url=&#8220;https:\/\/www.alcap.net\/de\/national-1000\/&#8220; url_new_window=&#8220;on&#8220; align=&#8220;center&#8220; _builder_version=&#8220;4.27.4&#8243; _module_preset=&#8220;default&#8220; border_color_all=&#8220;RGBA(255,255,255,0)&#8220; box_shadow_style=&#8220;preset2&#8243; global_colors_info=&#8220;{}&#8220;][\/et_pb_image][et_pb_button button_url=&#8220;\/de\/case-history\/national-1000\/&#8220; url_new_window=&#8220;on&#8220; button_text=&#8220;Mehr lesen&#8220; button_alignment=&#8220;center&#8220; _builder_version=&#8220;4.27.4&#8243; _module_preset=&#8220;default&#8220; custom_button=&#8220;on&#8220; button_text_color=&#8220;#FFFFFF&#8220; button_bg_color=&#8220;#4E7C97&#8243; button_icon=&#8220;&#x3d;||divi||400&#8243; button_on_hover=&#8220;off&#8220; hover_enabled=&#8220;0&#8243; global_colors_info=&#8220;{}&#8220; sticky_enabled=&#8220;0&#8243;][\/et_pb_button][\/et_pb_column][et_pb_column type=&#8220;1_2&#8243; _builder_version=&#8220;4.27.4&#8243; _module_preset=&#8220;default&#8220; global_colors_info=&#8220;{}&#8220;][\/et_pb_column][\/et_pb_row][\/et_pb_section]<\/p>\n","protected":false},"excerpt":{"rendered":"<p>Case HistoryBohrarbeitenBohrarbeiten &#8211; DangoBohrarbeiten &#8211; SchraubenpresseFr\u00e4sen &#8211; TischeFr\u00e4sen &#8211; Schmiedemaschine Schwei\u00dfen National 1000<\/p>\n","protected":false},"author":2,"featured_media":0,"parent":0,"menu_order":0,"comment_status":"closed","ping_status":"closed","template":"","meta":{"_et_pb_use_builder":"on","_et_pb_old_content":"","_et_gb_content_width":"","footnotes":""},"class_list":["post-1392","page","type-page","status-publish","hentry"],"_links":{"self":[{"href":"https:\/\/www.alcap.net\/de\/wp-json\/wp\/v2\/pages\/1392","targetHints":{"allow":["GET"]}}],"collection":[{"href":"https:\/\/www.alcap.net\/de\/wp-json\/wp\/v2\/pages"}],"about":[{"href":"https:\/\/www.alcap.net\/de\/wp-json\/wp\/v2\/types\/page"}],"author":[{"embeddable":true,"href":"https:\/\/www.alcap.net\/de\/wp-json\/wp\/v2\/users\/2"}],"replies":[{"embeddable":true,"href":"https:\/\/www.alcap.net\/de\/wp-json\/wp\/v2\/comments?post=1392"}],"version-history":[{"count":3,"href":"https:\/\/www.alcap.net\/de\/wp-json\/wp\/v2\/pages\/1392\/revisions"}],"predecessor-version":[{"id":1403,"href":"https:\/\/www.alcap.net\/de\/wp-json\/wp\/v2\/pages\/1392\/revisions\/1403"}],"wp:attachment":[{"href":"https:\/\/www.alcap.net\/de\/wp-json\/wp\/v2\/media?parent=1392"}],"curies":[{"name":"wp","href":"https:\/\/api.w.org\/{rel}","templated":true}]}}