{"id":1340,"date":"2024-12-08T18:00:24","date_gmt":"2024-12-08T17:00:24","guid":{"rendered":"https:\/\/www.alcap.net\/ueber-uns\/"},"modified":"2025-01-30T21:14:05","modified_gmt":"2025-01-30T20:14:05","slug":"ueber-uns","status":"publish","type":"page","link":"https:\/\/www.alcap.net\/de\/ueber-uns\/","title":{"rendered":"\u00dcber uns"},"content":{"rendered":"<p>[et_pb_section fb_built=&#8220;1&#8243; admin_label=&#8220;Hero&#8220; _builder_version=&#8220;4.27.4&#8243; background_color=&#8220;#084666&#8243; use_background_color_gradient=&#8220;on&#8220; background_color_gradient_direction=&#8220;170deg&#8220; background_color_gradient_stops=&#8220;#002e4f 1%|rgba(8,70,102,0.8) 100%&#8220; background_color_gradient_overlays_image=&#8220;on&#8220; background_color_gradient_start=&#8220;#002e4f&#8220; background_color_gradient_start_position=&#8220;1%&#8220; background_color_gradient_end=&#8220;rgba(8,70,102,0.8)&#8220; background_image=&#8220;https:\/\/www.alcap.net\/wp-content\/uploads\/2024\/12\/1.jpg&#8220; custom_padding=&#8220;|||&#8220; global_colors_info=&#8220;{}&#8220;][et_pb_row _builder_version=&#8220;4.27.4&#8243; background_size=&#8220;initial&#8220; background_position=&#8220;top_left&#8220; background_repeat=&#8220;repeat&#8220; custom_padding=&#8220;27px|0px|27px|0px|false|false&#8220; global_colors_info=&#8220;{}&#8220;][et_pb_column type=&#8220;4_4&#8243; _builder_version=&#8220;4.16&#8243; custom_padding=&#8220;|||&#8220; global_colors_info=&#8220;{}&#8220; custom_padding__hover=&#8220;|||&#8220;][et_pb_text _builder_version=&#8220;4.27.4&#8243; text_font=&#8220;||||||||&#8220; text_font_size=&#8220;20px&#8220; text_line_height=&#8220;1.8em&#8220; header_font=&#8220;Open Sans|800|||||||&#8220; header_font_size=&#8220;60px&#8220; header_line_height=&#8220;1.3em&#8220; background_size=&#8220;initial&#8220; background_position=&#8220;top_left&#8220; background_repeat=&#8220;repeat&#8220; background_layout=&#8220;dark&#8220; custom_margin=&#8220;|||&#8220; custom_margin_tablet=&#8220;|100px||&#8220; custom_margin_phone=&#8220;|30px||&#8220; custom_margin_last_edited=&#8220;off|desktop&#8220; custom_padding=&#8220;||0px|||&#8220; header_font_size_tablet=&#8220;50px&#8220; header_font_size_phone=&#8220;40px&#8220; header_font_size_last_edited=&#8220;on|phone&#8220; header_line_height_tablet=&#8220;&#8220; header_line_height_phone=&#8220;&#8220; header_line_height_last_edited=&#8220;on|desktop&#8220; global_colors_info=&#8220;{}&#8220;]<\/p>\n<h1><strong>\u00dcber uns<\/strong><\/h1>\n<p style=\"text-align: left;\">Seit Jahren besch\u00e4ftigen wir uns mit der Messung und Vor-Ort-Bearbeitung.<\/p>\n<p>[\/et_pb_text][\/et_pb_column][\/et_pb_row][et_pb_row _builder_version=&#8220;4.27.4&#8243; _module_preset=&#8220;default&#8220; global_colors_info=&#8220;{}&#8220;][et_pb_column type=&#8220;4_4&#8243; _builder_version=&#8220;4.27.4&#8243; _module_preset=&#8220;default&#8220; global_colors_info=&#8220;{}&#8220;][et_pb_text _builder_version=&#8220;4.27.4&#8243; text_font=&#8220;||||||||&#8220; text_line_height=&#8220;2em&#8220; header_font=&#8220;||||||||&#8220; header_3_font=&#8220;Open Sans|700|||||||&#8220; header_3_line_height=&#8220;1.6em&#8220; background_color=&#8220;RGBA(255,255,255,0)&#8220; background_layout=&#8220;dark&#8220; custom_margin=&#8220;|||&#8220; custom_padding=&#8220;30px|30px|30px|30px|true|true&#8220; animation_style=&#8220;fold&#8220; animation_direction=&#8220;top&#8220; global_colors_info=&#8220;{}&#8220;]<\/p>\n<h2 style=\"text-align: center;\">MECHANISCHE VOR-ORT-BEARBEITUNG AUS LEIDENSCHAFT.<\/h2>\n<p>[\/et_pb_text][\/et_pb_column][\/et_pb_row][et_pb_row column_structure=&#8220;1_3,1_3,1_3&#8243; use_custom_gutter=&#8220;on&#8220; gutter_width=&#8220;2&#8243; make_equal=&#8220;on&#8220; module_class=&#8220;about-us-boxes&#8220; _builder_version=&#8220;4.27.4&#8243; locked=&#8220;off&#8220; global_colors_info=&#8220;{}&#8220;][et_pb_column type=&#8220;1_3&#8243; _builder_version=&#8220;4.16&#8243; custom_padding=&#8220;|||&#8220; global_colors_info=&#8220;{}&#8220; custom_padding__hover=&#8220;|||&#8220;][et_pb_text _builder_version=&#8220;4.27.4&#8243; text_font=&#8220;||||||||&#8220; text_line_height=&#8220;2em&#8220; header_font=&#8220;||||||||&#8220; header_3_font=&#8220;Open Sans|700|||||||&#8220; header_3_line_height=&#8220;1.6em&#8220; background_color=&#8220;#4e7c97&#8243; background_layout=&#8220;dark&#8220; min_height=&#8220;100%&#8220; height=&#8220;100%&#8220; custom_margin=&#8220;|||&#8220; custom_padding=&#8220;30px|30px|30px|30px|true|true&#8220; animation_style=&#8220;fold&#8220; animation_direction=&#8220;top&#8220; global_colors_info=&#8220;{}&#8220;]<\/p>\n<h3 style=\"text-align: left;\">UNSERE VISION<\/h3>\n<div class=\"testo_e_immagini\">\n<p>Wir tr\u00e4umen von einer Welt, in der alle, die Wartungs- und Reparaturarbeiten durchf\u00fchren oder im Fertigungsbereich t\u00e4tig sind, dank unserer Hilfe und Unterst\u00fctzung ihre Leistung noch weiter optimieren k\u00f6nnen.<\/p>\n<p style=\"text-align: left;\"><img loading=\"lazy\" decoding=\"async\" class=\"wp-image-1202 alignnone size-medium\" src=\"https:\/\/www.alcap.net\/wp-content\/uploads\/2025\/01\/immagine-1-e1737706470465-300x178.png\" alt=\"\" width=\"300\" height=\"178\" \/><\/p>\n<\/div>\n<p>[\/et_pb_text][\/et_pb_column][et_pb_column type=&#8220;1_3&#8243; _builder_version=&#8220;4.16&#8243; custom_padding=&#8220;|||&#8220; global_colors_info=&#8220;{}&#8220; custom_padding__hover=&#8220;|||&#8220;][et_pb_text _builder_version=&#8220;4.27.4&#8243; text_font=&#8220;||||||||&#8220; text_line_height=&#8220;2em&#8220; header_font=&#8220;||||||||&#8220; header_3_font=&#8220;Open Sans|700|||||||&#8220; header_3_line_height=&#8220;1.6em&#8220; background_color=&#8220;#a2b0c1&#8243; background_layout=&#8220;dark&#8220; custom_margin=&#8220;|||&#8220; custom_padding=&#8220;30px|30px|30px|30px|true|true&#8220; animation_style=&#8220;fold&#8220; animation_direction=&#8220;top&#8220; animation_delay=&#8220;200ms&#8220; global_colors_info=&#8220;{}&#8220;]<\/p>\n<h3 style=\"text-align: left;\">UNSERE MISSION<\/h3>\n<div class=\"testo_e_immagini\">\n<p>Wir unterst\u00fctzen unsere Kunden bei der Reparatur, Wartung und Umr\u00fcstung, um auf diese Weise Ausfallzeiten zu reduzieren, die Qualit\u00e4t zu verbessern und ein in jeder Hinsicht optimales Kundenerlebnis zu bieten &#8211; \u00fcberall und jederzeit &#8211; und dabei Spa\u00df zu haben.<\/p>\n<p style=\"text-align: left;\"><img loading=\"lazy\" decoding=\"async\" class=\"wp-image-1208 alignnone size-medium\" src=\"https:\/\/www.alcap.net\/wp-content\/uploads\/2025\/01\/immagine-0-e1737706386847-300x178.png\" alt=\"\" width=\"300\" height=\"178\" \/><\/p>\n<\/div>\n<p>[\/et_pb_text][\/et_pb_column][et_pb_column type=&#8220;1_3&#8243; _builder_version=&#8220;4.16&#8243; custom_padding=&#8220;|||&#8220; global_colors_info=&#8220;{}&#8220; custom_padding__hover=&#8220;|||&#8220;][et_pb_text _builder_version=&#8220;4.27.4&#8243; text_font=&#8220;||||||||&#8220; text_line_height=&#8220;2em&#8220; header_font=&#8220;||||||||&#8220; header_3_font=&#8220;Open Sans|700|||||||&#8220; header_3_line_height=&#8220;1.6em&#8220; background_color=&#8220;#ffffff&#8220; custom_margin=&#8220;|||&#8220; custom_padding=&#8220;30px|30px|30px|30px|true|true&#8220; animation_style=&#8220;fold&#8220; animation_direction=&#8220;top&#8220; animation_delay=&#8220;400ms&#8220; hover_enabled=&#8220;0&#8243; global_colors_info=&#8220;{}&#8220; min_height=&#8220;100%&#8220; height=&#8220;100%&#8220; sticky_enabled=&#8220;0&#8243;]<\/p>\n<h3 style=\"text-align: left;\">UNSERE WERTE<\/h3>\n<div class=\"testo_e_immagini\">\n<p>Unser Wettbewerbsvorteil st\u00fctzt sich auf unsere 25-j\u00e4hrige praktische Erfahrung im Bereich der Vor-Ort-Bearbeitung. Wir setzen uns unerm\u00fcdlich daf\u00fcr ein, die Zusammenarbeit zu verbessern, jederzeit und \u00fcberall.<\/p>\n<p style=\"text-align: left;\"><img loading=\"lazy\" decoding=\"async\" class=\"wp-image-1196 alignnone size-medium\" src=\"https:\/\/www.alcap.net\/wp-content\/uploads\/2025\/01\/immagine-2-e1737706604885-300x178.png\" alt=\"\" width=\"300\" height=\"178\" \/><\/p>\n<\/div>\n<p>[\/et_pb_text][\/et_pb_column][\/et_pb_row][et_pb_row column_structure=&#8220;2_5,3_5&#8243; use_custom_gutter=&#8220;on&#8220; gutter_width=&#8220;2&#8243; make_equal=&#8220;on&#8220; module_class=&#8220;about-us-boxes&#8220; _builder_version=&#8220;4.27.4&#8243; locked=&#8220;off&#8220; global_colors_info=&#8220;{}&#8220;][et_pb_column type=&#8220;2_5&#8243; _builder_version=&#8220;4.16&#8243; custom_padding=&#8220;|||&#8220; global_colors_info=&#8220;{}&#8220; custom_padding__hover=&#8220;|||&#8220;][et_pb_text _builder_version=&#8220;4.27.4&#8243; text_font=&#8220;||||||||&#8220; text_line_height=&#8220;2em&#8220; header_font=&#8220;||||||||&#8220; header_3_font=&#8220;Open Sans|700|||||||&#8220; header_3_line_height=&#8220;1.6em&#8220; background_color=&#8220;RGBA(255,255,255,0)&#8220; background_layout=&#8220;dark&#8220; min_height=&#8220;100%&#8220; height=&#8220;100%&#8220; custom_margin=&#8220;|||&#8220; animation_style=&#8220;fold&#8220; animation_direction=&#8220;top&#8220; global_colors_info=&#8220;{}&#8220;]<\/p>\n<div style=\"display: flex; flex-flow: column; height: 300px; justify-content: space-between;\">\n<h2 style=\"text-align: left; margin-top: 0; padding-top: 0; margin-bottom: 15px;\">ANWENDUNGSBEREICHE<\/h2>\n<div>Industrie<\/div>\n<div>Fertigung<\/div>\n<div>Bergbau und Bauwesen<\/div>\n<div>Gas und Erd\u00f6l<\/div>\n<div>Stromerzeugung<\/div>\n<div>Schiffsbau und Reparatur<\/div>\n<\/div>\n<p>[\/et_pb_text][\/et_pb_column][et_pb_column type=&#8220;3_5&#8243; _builder_version=&#8220;4.16&#8243; custom_padding=&#8220;|||&#8220; global_colors_info=&#8220;{}&#8220; custom_padding__hover=&#8220;|||&#8220;][et_pb_text _builder_version=&#8220;4.27.4&#8243; text_font=&#8220;||||||||&#8220; text_line_height=&#8220;2em&#8220; header_font=&#8220;||||||||&#8220; header_3_font=&#8220;Open Sans|700|||||||&#8220; header_3_line_height=&#8220;1.6em&#8220; background_color=&#8220;RGBA(255,255,255,0)&#8220; custom_margin=&#8220;|||&#8220; custom_padding=&#8220;0px|0px|0px|0px|true|true&#8220; animation_style=&#8220;fold&#8220; animation_direction=&#8220;top&#8220; animation_delay=&#8220;400ms&#8220; custom_css_main_element=&#8220;display: flex;||margin-top: auto;||margin-bottom: auto;&#8220; global_colors_info=&#8220;{}&#8220;]<\/p>\n<div style=\"height: 300px; overflow: hidden; padding: 0; margin: 0; background: url('https:\/\/www.alcap.net\/wp-content\/uploads\/2025\/01\/mondo.jpg'); background-size: cover;\"><\/div>\n<p>[\/et_pb_text][\/et_pb_column][\/et_pb_row][\/et_pb_section]<\/p>\n","protected":false},"excerpt":{"rendered":"<p>\u00dcber uns Seit Jahren besch\u00e4ftigen wir uns mit der Messung und Vor-Ort-Bearbeitung.MECHANISCHE VOR-ORT-BEARBEITUNG AUS LEIDENSCHAFT.UNSERE VISION Wir tr\u00e4umen von einer Welt, in der alle, die Wartungs- und Reparaturarbeiten durchf\u00fchren oder im Fertigungsbereich t\u00e4tig sind, dank unserer Hilfe und Unterst\u00fctzung ihre Leistung noch weiter optimieren k\u00f6nnen. UNSERE MISSION Wir unterst\u00fctzen unsere Kunden bei der Reparatur, Wartung [&hellip;]<\/p>\n","protected":false},"author":2,"featured_media":0,"parent":0,"menu_order":0,"comment_status":"closed","ping_status":"closed","template":"","meta":{"_et_pb_use_builder":"on","_et_pb_old_content":"","_et_gb_content_width":"","footnotes":""},"class_list":["post-1340","page","type-page","status-publish","hentry"],"_links":{"self":[{"href":"https:\/\/www.alcap.net\/de\/wp-json\/wp\/v2\/pages\/1340","targetHints":{"allow":["GET"]}}],"collection":[{"href":"https:\/\/www.alcap.net\/de\/wp-json\/wp\/v2\/pages"}],"about":[{"href":"https:\/\/www.alcap.net\/de\/wp-json\/wp\/v2\/types\/page"}],"author":[{"embeddable":true,"href":"https:\/\/www.alcap.net\/de\/wp-json\/wp\/v2\/users\/2"}],"replies":[{"embeddable":true,"href":"https:\/\/www.alcap.net\/de\/wp-json\/wp\/v2\/comments?post=1340"}],"version-history":[{"count":4,"href":"https:\/\/www.alcap.net\/de\/wp-json\/wp\/v2\/pages\/1340\/revisions"}],"predecessor-version":[{"id":1511,"href":"https:\/\/www.alcap.net\/de\/wp-json\/wp\/v2\/pages\/1340\/revisions\/1511"}],"wp:attachment":[{"href":"https:\/\/www.alcap.net\/de\/wp-json\/wp\/v2\/media?parent=1340"}],"curies":[{"name":"wp","href":"https:\/\/api.w.org\/{rel}","templated":true}]}}